{"id":8247,"date":"2024-06-07T12:46:54","date_gmt":"2024-06-07T10:46:54","guid":{"rendered":"https:\/\/www.new.pbkm.pl\/write-to-us\/"},"modified":"2024-08-05T12:01:51","modified_gmt":"2024-08-05T10:01:51","slug":"write-to-us","status":"publish","type":"page","link":"https:\/\/www.pbkm.pl\/en\/write-to-us","title":{"rendered":"Write to us"},"content":{"rendered":"\n<section class=\"hero flex flex-col justify-center bg-center bg-cover bg-no-repeat py-32 lg:py-48 mb-72 xl:mb-120 relative min-h-[20.5rem] xl:min-h-[26rem]\" style=\"background-image: url(https:\/\/www.pbkm.pl\/wp-content\/uploads\/2024\/04\/hero_bg.png)\">\n\t<div class=\"container items-center\">\n\t\t<h1 class=\"text-center text-blue max-w-[90%] md:max-w-[60%] lg:max-w-[80%] xxl:max-w-1200 mx-auto\">\n\t\t\t\t\t\t\t<span class=\"font-normal break-words\">Write<\/span>\n\t\t\t\n\t\t\t\t\t\t\t<br\/>\n\t\t\t\n\t\t\t\t\t\t\t<span class=\"font-extralight break-words\">to us<\/span>\n\t\t\t\t\t<\/h1>\n\t<\/div>\n\n\t<div class=\"absolute left-[-14rem] bottom-[-10.8rem] md:bottom-[-15.8rem] xl:bottom-[-20.3rem]\">\n\t\t<svg width=\"500\" height=\"500\" viewbox=\"0 0 500 500\" fill=\"none\" xmlns=\"http:\/\/www.w3.org\/2000\/svg\" class=\"size-180 md:size-260 xl:size-340\">\n\t\t\t<mask id=\"mask0_1511_27028\" style=\"mask-type:alpha\" maskunits=\"userSpaceOnUse\" x=\"0\" y=\"0\" width=\"500\" height=\"200\">\n\t\t\t\t<rect width=\"500\" height=\"200\" transform=\"matrix(-1 0 0 1 500 0)\" fill=\"#D9D9D9\"\/>\n\t\t\t<\/mask>\n\t\t\t<g mask=\"url(#mask0_1511_27028)\">\n\t\t\t\t<path d=\"M214.686 463.894C166.261 512.319 87.156 511.726 38.731 463.301C-9.69398 414.876 -10.2866 335.771 38.1384 287.346L287.04 38.4443C335.465 -9.98075 414.57 -9.3881 462.995 39.0369C511.42 87.4619 512.013 166.567 463.588 214.992L214.686 463.894Z\" fill=\"#FE6F20\"\/>\n\t\t\t<\/g>\n\t\t\t<path d=\"M214.404 462.612C166.377 510.639 87.7903 509.946 39.7484 461.905C-8.29344 413.863 -8.98578 335.276 39.0413 287.249L287.943 38.3476C335.97 -9.67956 414.556 -8.98719 462.598 39.0547C510.64 87.0966 511.333 165.683 463.305 213.71L214.404 462.612Z\" stroke=\"#FE6F20\" stroke-width=\"2\"\/>\n\t\t<\/svg>\n\t<\/div>\n\n\t<div class=\"absolute right-[-10rem] bottom-[-7.2rem] md:bottom-[-10.4rem] xl:bottom-[-13.6rem]\">\n\t\t<svg width=\"500\" height=\"500\" viewbox=\"0 0 500 500\" fill=\"none\" xmlns=\"http:\/\/www.w3.org\/2000\/svg\" class=\"size-180 md:size-260 xl:size-340\">\n\t\t\t<mask id=\"mask0_1511_27023\" style=\"mask-type:alpha\" maskunits=\"userSpaceOnUse\" x=\"0\" y=\"0\" width=\"500\" height=\"300\">\n\t\t\t\t<rect width=\"500\" height=\"300\" fill=\"#D9D9D9\"\/>\n\t\t\t<\/mask>\n\t\t\t<g mask=\"url(#mask0_1511_27023)\">\n\t\t\t\t<path d=\"M285.622 36.4146C334.047 -12.0104 413.069 -11.5011 461.494 36.9239C509.919 85.349 510.429 164.371 462.004 212.796L213.102 461.697C164.677 510.122 85.6552 509.613 37.2302 461.188C-11.1948 412.763 -11.7041 333.741 36.7209 285.316L285.622 36.4146Z\" fill=\"#1560DA\"\/>\n\t\t\t<\/g>\n\t\t\t<path d=\"M285.596 37.3883C333.623 -10.6388 412.21 -9.94644 460.252 38.0955C508.293 86.1373 508.986 164.724 460.959 212.751L212.057 461.652C164.03 509.68 85.4436 508.987 37.4017 460.945C-10.6402 412.903 -11.3325 334.317 36.6946 286.29L285.596 37.3883Z\" stroke=\"#1560DA\" stroke-width=\"2\"\/>\n\t\t<\/svg>\n\t<\/div>\n<\/section>\n\n\n\n\n<section class=\"contact-form relative\">\n      <div class=\"hidden xl:block xxxxl:hidden absolute left-0 bottom-0\">\n        \n      \n    <figure class=\"overflow-hidden \">\n\n                                                \n                            \n        <img decoding=\"async\" fetchpriority=\"auto\" src=\"https:\/\/www.pbkm.pl\/wp-content\/uploads\/2024\/08\/contact-us-image.webp\" srcset=\"https:\/\/www.pbkm.pl\/wp-content\/uploads\/2024\/08\/contact-us-image.png 595w, https:\/\/www.pbkm.pl\/wp-content\/uploads\/2024\/08\/contact-us-image-263x300.png 263w, https:\/\/www.pbkm.pl\/wp-content\/uploads\/2024\/08\/contact-us-image-500x571.png 500w\" sizes=\"(max-width: 595px) 100vw, 595px\" alt=\"contact-us-image\" class=\"h-full w-full object-cover\" width=\"595\" height=\"680\" loading=\"lazy\" \/>\n\n    <\/figure>\n\n      <\/div>\n  \n  \n  <div class=\"container relative z-10 xl:py-48\">\n          <div class=\"hidden xxxxl:block absolute left-0 bottom-0\">\n          \n      \n    <figure class=\"overflow-hidden \">\n\n                                                \n                            \n        <img decoding=\"async\" fetchpriority=\"auto\" src=\"https:\/\/www.pbkm.pl\/wp-content\/uploads\/2024\/08\/contact-us-image.webp\" srcset=\"https:\/\/www.pbkm.pl\/wp-content\/uploads\/2024\/08\/contact-us-image.png 595w, https:\/\/www.pbkm.pl\/wp-content\/uploads\/2024\/08\/contact-us-image-263x300.png 263w, https:\/\/www.pbkm.pl\/wp-content\/uploads\/2024\/08\/contact-us-image-500x571.png 500w\" sizes=\"(max-width: 595px) 100vw, 595px\" alt=\"contact-us-image\" class=\"h-full w-full object-cover\" width=\"595\" height=\"680\" loading=\"lazy\" \/>\n\n    <\/figure>\n\n        <\/div>\n    \n    <div class=\"w-full xl:max-w-680 ml-auto\">\n              \n    <h2   class=\"  text-blue\">\n\n            Feel free to contact us\n\n    <\/h2>\n\n      \n              <div class=\"mt-8\">Do you have questions, concerns?<br \/>\r\nWe can help you. <\/div>\n      \n      <div class=\"cf7-form-wrapper mt-32\">\n        \n<div class=\"wpcf7 no-js\" id=\"wpcf7-f8402-o1\" lang=\"en-US\" dir=\"ltr\" data-wpcf7-id=\"8402\">\n<div class=\"screen-reader-response\"><p role=\"status\" aria-live=\"polite\" aria-atomic=\"true\"><\/p> <ul><\/ul><\/div>\n<form action=\"\/en\/wp-json\/wp\/v2\/pages\/8247#wpcf7-f8402-o1\" method=\"post\" class=\"wpcf7-form init\" aria-label=\"Contact form\" novalidate=\"novalidate\" data-status=\"init\">\n<fieldset class=\"hidden-fields-container\"><input type=\"hidden\" name=\"_wpcf7\" value=\"8402\" \/><input type=\"hidden\" name=\"_wpcf7_version\" value=\"6.1.5\" \/><input type=\"hidden\" name=\"_wpcf7_locale\" value=\"en_US\" \/><input type=\"hidden\" name=\"_wpcf7_unit_tag\" value=\"wpcf7-f8402-o1\" \/><input type=\"hidden\" name=\"_wpcf7_container_post\" value=\"0\" \/><input type=\"hidden\" name=\"_wpcf7_posted_data_hash\" value=\"\" \/><input type=\"hidden\" name=\"_wpcf7cf_hidden_group_fields\" value=\"[]\" \/><input type=\"hidden\" name=\"_wpcf7cf_hidden_groups\" value=\"[]\" \/><input type=\"hidden\" name=\"_wpcf7cf_visible_groups\" value=\"[]\" \/><input type=\"hidden\" name=\"_wpcf7cf_repeaters\" value=\"[]\" \/><input type=\"hidden\" name=\"_wpcf7cf_steps\" value=\"{}\" \/><input type=\"hidden\" name=\"_wpcf7cf_options\" value=\"{&quot;form_id&quot;:8402,&quot;conditions&quot;:[{&quot;then_field&quot;:&quot;contract&quot;,&quot;and_rules&quot;:[{&quot;if_field&quot;:&quot;powody&quot;,&quot;operator&quot;:&quot;equals&quot;,&quot;if_value&quot;:&quot;I want to sign a contract&quot;}]}],&quot;settings&quot;:{&quot;animation&quot;:&quot;yes&quot;,&quot;animation_intime&quot;:200,&quot;animation_outtime&quot;:200,&quot;conditions_ui&quot;:&quot;normal&quot;,&quot;notice_dismissed&quot;:false,&quot;notice_dismissed_rollback-cf7-5.9.5&quot;:true}}\" \/><input type=\"hidden\" name=\"_wpcf7_recaptcha_response\" value=\"\" \/>\n<\/fieldset>\n<p><span class=\"wpcf7-form-control-wrap\" data-name=\"last_name\"><input size=\"40\" maxlength=\"400\" class=\"wpcf7-form-control wpcf7-text wpcf7-validates-as-required\" autocomplete=\"name\" aria-required=\"true\" aria-invalid=\"false\" placeholder=\"Name*\" value=\"\" type=\"text\" name=\"last_name\" \/><\/span>\n<\/p>\n<p><span class=\"wpcf7-form-control-wrap\" data-name=\"email1\"><input size=\"40\" maxlength=\"400\" class=\"wpcf7-form-control wpcf7-email wpcf7-validates-as-required wpcf7-text wpcf7-validates-as-email\" autocomplete=\"email\" aria-required=\"true\" aria-invalid=\"false\" placeholder=\"Email address*\" value=\"\" type=\"email\" name=\"email1\" \/><\/span>\n<\/p>\n<p><span class=\"wpcf7-form-control-wrap\" data-name=\"subject\"><select class=\"wpcf7-form-control wpcf7-select\" aria-invalid=\"false\" name=\"subject\"><option value=\"\">Select a topic<\/option><option value=\"Contacting a consultant\">Contacting a consultant<\/option><option value=\"Educational materials for pregnant women\">Educational materials for pregnant women<\/option><option value=\"Educational materials for partners\">Educational materials for partners<\/option><option value=\"Other\">Other<\/option><\/select><\/span>\n<\/p>\n<p><span class=\"wpcf7-form-control-wrap\" data-name=\"powody\"><select class=\"wpcf7-form-control wpcf7-select\" aria-invalid=\"false\" name=\"powody\"><option value=\"\">Select the purpose of the email<\/option><option value=\"I want to sign a contract\">I want to sign a contract<\/option><option value=\"I am a customer\">I am a customer<\/option><option value=\"Other\">Other<\/option><\/select><\/span>\n<\/p>\n<div data-id=\"contract\" data-orig_data_id=\"contract\"  class=\"\" data-class=\"wpcf7cf_group\">\n\t<p><span class=\"wpcf7-form-control-wrap\" data-name=\"date_of_birth\"><input class=\"wpcf7-form-control wpcf7-date wpcf7-validates-as-required wpcf7-validates-as-date\" min=\"2026-04-15\" aria-required=\"true\" aria-invalid=\"false\" placeholder=\"Due date*\" value=\"\" type=\"date\" name=\"date_of_birth\" \/><\/span>\n\t<\/p>\n<\/div>\n<p><span class=\"wpcf7-form-control-wrap\" data-name=\"note\"><textarea cols=\"40\" rows=\"1\" maxlength=\"2000\" class=\"wpcf7-form-control wpcf7-textarea\" aria-invalid=\"false\" placeholder=\"Your message\" name=\"note\"><\/textarea><\/span>\n<\/p>\n<div class=\"cf7-form-wrapper__info\">\n\t<p>We kindly inform you that the personal data provided in the form will be processed by Polski Bank Kom\u00f3rek Macierzystych Sp. z o.o. (&#8220;PBKM&#8221;) with its registered office in Warsaw, Al. Jana Paw\u0142a II 29 for telephone contact in connection with the provision of information on the service.\n\t<\/p>\n<\/div>\n<div class=\"cf7-form-wrapper__input-with-tooltip\">\n\t<p><span class=\"wpcf7-form-control-wrap\" data-name=\"acquaint_data_proc_pbkm_c\"><span class=\"wpcf7-form-control wpcf7-acceptance\"><span class=\"wpcf7-list-item\"><label><input type=\"checkbox\" name=\"acquaint_data_proc_pbkm_c\" value=\"1\" aria-invalid=\"false\" \/><span class=\"wpcf7-list-item-label\">I have familiarized myself with the rules of data processing at PBKM<\/span><\/label><\/span><\/span><\/span><button class=\"text-gray-dark\" data-tippy-content=\"O\u015bwiadczam, \u017ce zapozna\u0142am\/em si\u0119 z zasadami przetwarzania danych przez PBKM dost\u0119pnych pod linkiem: https:\/\/pbkm.pl\/polityka-prywatnosci\"><svg xmlns=\"http:\/\/www.w3.org\/2000\/svg\" width=\"24\" height=\"24\" viewbox=\"0 0 24 24\" fill=\"none\"><path d=\"M12 21C16.9706 21 21 16.9706 21 12C21 7.02944 16.9706 3 12 3C7.02944 3 3 7.02944 3 12C3 16.9706 7.02944 21 12 21Z\" stroke=\"currentColor\" stroke-width=\"1.5\" stroke-linecap=\"round\" stroke-linejoin=\"round\"><\/path><path d=\"M11.25 11.25C11.4489 11.25 11.6397 11.329 11.7803 11.4697C11.921 11.6103 12 11.8011 12 12V15.75C12 15.9489 12.079 16.1397 12.2197 16.2803C12.3603 16.421 12.5511 16.5 12.75 16.5\" stroke=\"currentColor\" stroke-width=\"1.5\" stroke-linecap=\"round\" stroke-linejoin=\"round\"><\/path><path d=\"M11.5 8.75C12.0523 8.75 12.5 8.30228 12.5 7.75C12.5 7.19772 12.0523 6.75 11.5 6.75C10.9477 6.75 10.5 7.19772 10.5 7.75C10.5 8.30228 10.9477 8.75 11.5 8.75Z\" fill=\"currentColor\"><\/path><\/svg><\/button>\n\t<\/p>\n<\/div>\n<div class=\"cf7-form-wrapper__input-with-tooltip\">\n\t<p><span class=\"wpcf7-form-control-wrap\" data-name=\"agreement_market_proc_c\"><span class=\"wpcf7-form-control wpcf7-acceptance\"><span class=\"wpcf7-list-item\"><label><input type=\"checkbox\" name=\"agreement_market_proc_c\" value=\"1\" aria-invalid=\"false\" \/><span class=\"wpcf7-list-item-label\">I agree to the processing of my personal data by PBKM for marketing purposes<\/span><\/label><\/span><\/span><\/span><button class=\"text-gray-dark\" data-tippy-content=\"Wyra\u017cam zgod\u0119 na otrzymywanie od PBKM informacji handlowych za pomoc\u0105 \u015brodk\u00f3w komunikacji elektronicznej, w rozumieniu ustawy z dnia 18 lipca 2002 r. o \u015bwiadczeniu us\u0142ug drog\u0105 elektroniczn\u0105 (Dz. U. z 2019 r. poz. 123), na podany numer telefonu oraz adres mailowy (w przypadku podania adresu mailowego), w postaci wiadomo\u015bci tekstowych, po\u0142\u0105cze\u0144 g\u0142osowych oraz e-maili.  \"><svg xmlns=\"http:\/\/www.w3.org\/2000\/svg\" width=\"24\" height=\"24\" viewbox=\"0 0 24 24\" fill=\"none\"><path d=\"M12 21C16.9706 21 21 16.9706 21 12C21 7.02944 16.9706 3 12 3C7.02944 3 3 7.02944 3 12C3 16.9706 7.02944 21 12 21Z\" stroke=\"currentColor\" stroke-width=\"1.5\" stroke-linecap=\"round\" stroke-linejoin=\"round\"><\/path><path d=\"M11.25 11.25C11.4489 11.25 11.6397 11.329 11.7803 11.4697C11.921 11.6103 12 11.8011 12 12V15.75C12 15.9489 12.079 16.1397 12.2197 16.2803C12.3603 16.421 12.5511 16.5 12.75 16.5\" stroke=\"currentColor\" stroke-width=\"1.5\" stroke-linecap=\"round\" stroke-linejoin=\"round\"><\/path><path d=\"M11.5 8.75C12.0523 8.75 12.5 8.30228 12.5 7.75C12.5 7.19772 12.0523 6.75 11.5 6.75C10.9477 6.75 10.5 7.19772 10.5 7.75C10.5 8.30228 10.9477 8.75 11.5 8.75Z\" fill=\"currentColor\"><\/path><\/svg><\/button>\n\t<\/p>\n<\/div>\n<div class=\"flex justify-end\">\n\t<p><button type=\"submit\" class=\"button button--big secondary justify-right\">Send<\/button>\n\t<\/p>\n<\/div>\n<input class=\"wpcf7-form-control wpcf7-hidden\" value=\"Internet\" type=\"hidden\" name=\"medium_c\" \/>\n<input class=\"wpcf7-form-control wpcf7-hidden\" value=\"Internet\" type=\"hidden\" name=\"source_type\" \/>\n<input class=\"wpcf7-form-control wpcf7-hidden\" value=\"8da08cae-f709-11e9-ba82-005056bcc3c0\" type=\"hidden\" name=\"campaign_id\" \/><input type='hidden' class='wpcf7-pum' value='{\"closepopup\":false,\"closedelay\":0,\"openpopup\":false,\"openpopup_id\":0}' \/><div class=\"wpcf7-response-output\" aria-hidden=\"true\"><\/div>\n<\/form>\n<\/div>\n\n      <\/div>\n    <\/div>\n  <\/div>\n\n  <div class=\"md:hidden relative\">\n            \n      \n    <figure class=\"overflow-hidden [&#038;_img]:max-h-[22.5rem] xxl:[&#038;_img]:max-h-[35.2rem] [&#038;_img]:object-contain [&#038;_img]:size-auto\">\n\n                                                \n                            \n        <img decoding=\"async\" fetchpriority=\"auto\" src=\"https:\/\/www.pbkm.pl\/wp-content\/uploads\/2024\/08\/contact-us-image.webp\" srcset=\"https:\/\/www.pbkm.pl\/wp-content\/uploads\/2024\/08\/contact-us-image.png 595w, https:\/\/www.pbkm.pl\/wp-content\/uploads\/2024\/08\/contact-us-image-263x300.png 263w, https:\/\/www.pbkm.pl\/wp-content\/uploads\/2024\/08\/contact-us-image-500x571.png 500w\" sizes=\"(max-width: 595px) 100vw, 595px\" alt=\"contact-us-image\" class=\"h-full w-full object-cover\" width=\"595\" height=\"680\" loading=\"lazy\" \/>\n\n    <\/figure>\n\n      \n    <div class=\"absolute right-0 bottom-24 xxl:bottom-auto xxl:-top-80 text-blue\">\n      <svg xmlns=\"http:\/\/www.w3.org\/2000\/svg\"\n     width=\"210\"\n     height=\"404\"\n     viewBox=\"0 0 210 404\"\n     fill=\"none\">\n    <path d=\"M15.838 280.021C-9.47756 314.318 -2.19654 362.643 32.1006 387.959C66.3977 413.275 114.723 405.994 140.039 371.696L323.035 123.776C348.351 89.4791 341.07 41.1534 306.772 15.8379C272.475 -9.47772 224.15 -2.19672 198.834 32.1004L15.838 280.021Z\"\n          fill=\"currentColor\"\n          fill-opacity=\"0.05\" \/>\n<\/svg>\n\n    <\/div>\n  <\/div>\n\n  <\/section>\n","protected":false},"excerpt":{"rendered":"","protected":false},"author":19,"featured_media":0,"parent":0,"menu_order":0,"comment_status":"closed","ping_status":"closed","template":"","meta":{"_acf_changed":false,"inline_featured_image":false,"editor_plus_copied_stylings":"{}","footnotes":""},"class_list":["post-8247","page","type-page","status-publish","hentry"],"yoast_head":"<!-- This site is optimized with the Yoast SEO plugin v27.3 - https:\/\/yoast.com\/product\/yoast-seo-wordpress\/ -->\n<title>Write to us | Contact form | PBKM<\/title>\n<meta name=\"description\" content=\"The largest stem cell bank in Poland and Europe | Experience in preparing material for transplantation \u27a4 Feel free to contact us!\" \/>\n<meta name=\"robots\" content=\"index, follow, max-snippet:-1, max-image-preview:large, max-video-preview:-1\" \/>\n<link rel=\"canonical\" href=\"https:\/\/www.pbkm.pl\/en\/write-to-us\" \/>\n<meta property=\"og:locale\" content=\"en_US\" \/>\n<meta property=\"og:type\" content=\"article\" \/>\n<meta property=\"og:title\" content=\"Write to us | Contact form | PBKM\" \/>\n<meta property=\"og:description\" content=\"The largest stem cell bank in Poland and Europe | Experience in preparing material for transplantation \u27a4 Feel free to contact us!\" \/>\n<meta property=\"og:url\" content=\"https:\/\/www.pbkm.pl\/en\/write-to-us\" \/>\n<meta property=\"og:site_name\" content=\"PBKM\" \/>\n<meta property=\"article:modified_time\" content=\"2024-08-05T10:01:51+00:00\" \/>\n<meta name=\"twitter:card\" content=\"summary_large_image\" \/>\n<script type=\"application\/ld+json\" class=\"yoast-schema-graph\">{\"@context\":\"https:\\\/\\\/schema.org\",\"@graph\":[{\"@type\":\"WebPage\",\"@id\":\"https:\\\/\\\/www.pbkm.pl\\\/en\\\/write-to-us\",\"url\":\"https:\\\/\\\/www.pbkm.pl\\\/en\\\/write-to-us\",\"name\":\"Write to us | Contact form | PBKM\",\"isPartOf\":{\"@id\":\"https:\\\/\\\/www.pbkm.pl\\\/en#website\"},\"datePublished\":\"2024-06-07T10:46:54+00:00\",\"dateModified\":\"2024-08-05T10:01:51+00:00\",\"description\":\"The largest stem cell bank in Poland and Europe | Experience in preparing material for transplantation \u27a4 Feel free to contact us!\",\"breadcrumb\":{\"@id\":\"https:\\\/\\\/www.pbkm.pl\\\/en\\\/write-to-us#breadcrumb\"},\"inLanguage\":\"en-US\",\"potentialAction\":[{\"@type\":\"ReadAction\",\"target\":[\"https:\\\/\\\/www.pbkm.pl\\\/en\\\/write-to-us\"]}]},{\"@type\":\"BreadcrumbList\",\"@id\":\"https:\\\/\\\/www.pbkm.pl\\\/en\\\/write-to-us#breadcrumb\",\"itemListElement\":[{\"@type\":\"ListItem\",\"position\":1,\"name\":\"Main page\",\"item\":\"https:\\\/\\\/www.pbkm.pl\\\/en\"},{\"@type\":\"ListItem\",\"position\":2,\"name\":\"Write to us\"}]},{\"@type\":\"WebSite\",\"@id\":\"https:\\\/\\\/www.pbkm.pl\\\/en#website\",\"url\":\"https:\\\/\\\/www.pbkm.pl\\\/en\",\"name\":\"PBKM\",\"description\":\"\",\"publisher\":{\"@id\":\"https:\\\/\\\/www.pbkm.pl\\\/en#organization\"},\"potentialAction\":[{\"@type\":\"SearchAction\",\"target\":{\"@type\":\"EntryPoint\",\"urlTemplate\":\"https:\\\/\\\/www.pbkm.pl\\\/en?s={search_term_string}\"},\"query-input\":{\"@type\":\"PropertyValueSpecification\",\"valueRequired\":true,\"valueName\":\"search_term_string\"}}],\"inLanguage\":\"en-US\"},{\"@type\":\"Organization\",\"@id\":\"https:\\\/\\\/www.pbkm.pl\\\/en#organization\",\"name\":\"PBKM - Polski Bank Kom\u00f3rek Macierzystych\",\"url\":\"https:\\\/\\\/www.pbkm.pl\\\/en\",\"logo\":{\"@type\":\"ImageObject\",\"inLanguage\":\"en-US\",\"@id\":\"https:\\\/\\\/www.pbkm.pl\\\/en#\\\/schema\\\/logo\\\/image\\\/\",\"url\":\"https:\\\/\\\/www.pbkm.pl\\\/wp-content\\\/uploads\\\/2024\\\/07\\\/Polski_Bank_Komorek_Macierzystych_logo_rgb-scaled.webp\",\"contentUrl\":\"https:\\\/\\\/www.pbkm.pl\\\/wp-content\\\/uploads\\\/2024\\\/07\\\/Polski_Bank_Komorek_Macierzystych_logo_rgb-scaled.webp\",\"width\":2560,\"height\":546,\"caption\":\"PBKM - Polski Bank Kom\u00f3rek Macierzystych\"},\"image\":{\"@id\":\"https:\\\/\\\/www.pbkm.pl\\\/en#\\\/schema\\\/logo\\\/image\\\/\"}}]}<\/script>\n<!-- \/ Yoast SEO plugin. -->","yoast_head_json":{"title":"Write to us | Contact form | PBKM","description":"The largest stem cell bank in Poland and Europe | Experience in preparing material for transplantation \u27a4 Feel free to contact us!","robots":{"index":"index","follow":"follow","max-snippet":"max-snippet:-1","max-image-preview":"max-image-preview:large","max-video-preview":"max-video-preview:-1"},"canonical":"https:\/\/www.pbkm.pl\/en\/write-to-us","og_locale":"en_US","og_type":"article","og_title":"Write to us | Contact form | PBKM","og_description":"The largest stem cell bank in Poland and Europe | Experience in preparing material for transplantation \u27a4 Feel free to contact us!","og_url":"https:\/\/www.pbkm.pl\/en\/write-to-us","og_site_name":"PBKM","article_modified_time":"2024-08-05T10:01:51+00:00","twitter_card":"summary_large_image","schema":{"@context":"https:\/\/schema.org","@graph":[{"@type":"WebPage","@id":"https:\/\/www.pbkm.pl\/en\/write-to-us","url":"https:\/\/www.pbkm.pl\/en\/write-to-us","name":"Write to us | Contact form | PBKM","isPartOf":{"@id":"https:\/\/www.pbkm.pl\/en#website"},"datePublished":"2024-06-07T10:46:54+00:00","dateModified":"2024-08-05T10:01:51+00:00","description":"The largest stem cell bank in Poland and Europe | Experience in preparing material for transplantation \u27a4 Feel free to contact us!","breadcrumb":{"@id":"https:\/\/www.pbkm.pl\/en\/write-to-us#breadcrumb"},"inLanguage":"en-US","potentialAction":[{"@type":"ReadAction","target":["https:\/\/www.pbkm.pl\/en\/write-to-us"]}]},{"@type":"BreadcrumbList","@id":"https:\/\/www.pbkm.pl\/en\/write-to-us#breadcrumb","itemListElement":[{"@type":"ListItem","position":1,"name":"Main page","item":"https:\/\/www.pbkm.pl\/en"},{"@type":"ListItem","position":2,"name":"Write to us"}]},{"@type":"WebSite","@id":"https:\/\/www.pbkm.pl\/en#website","url":"https:\/\/www.pbkm.pl\/en","name":"PBKM","description":"","publisher":{"@id":"https:\/\/www.pbkm.pl\/en#organization"},"potentialAction":[{"@type":"SearchAction","target":{"@type":"EntryPoint","urlTemplate":"https:\/\/www.pbkm.pl\/en?s={search_term_string}"},"query-input":{"@type":"PropertyValueSpecification","valueRequired":true,"valueName":"search_term_string"}}],"inLanguage":"en-US"},{"@type":"Organization","@id":"https:\/\/www.pbkm.pl\/en#organization","name":"PBKM - Polski Bank Kom\u00f3rek Macierzystych","url":"https:\/\/www.pbkm.pl\/en","logo":{"@type":"ImageObject","inLanguage":"en-US","@id":"https:\/\/www.pbkm.pl\/en#\/schema\/logo\/image\/","url":"https:\/\/www.pbkm.pl\/wp-content\/uploads\/2024\/07\/Polski_Bank_Komorek_Macierzystych_logo_rgb-scaled.webp","contentUrl":"https:\/\/www.pbkm.pl\/wp-content\/uploads\/2024\/07\/Polski_Bank_Komorek_Macierzystych_logo_rgb-scaled.webp","width":2560,"height":546,"caption":"PBKM - Polski Bank Kom\u00f3rek Macierzystych"},"image":{"@id":"https:\/\/www.pbkm.pl\/en#\/schema\/logo\/image\/"}}]}},"acf":[],"_links":{"self":[{"href":"https:\/\/www.pbkm.pl\/en\/wp-json\/wp\/v2\/pages\/8247","targetHints":{"allow":["GET"]}}],"collection":[{"href":"https:\/\/www.pbkm.pl\/en\/wp-json\/wp\/v2\/pages"}],"about":[{"href":"https:\/\/www.pbkm.pl\/en\/wp-json\/wp\/v2\/types\/page"}],"author":[{"embeddable":true,"href":"https:\/\/www.pbkm.pl\/en\/wp-json\/wp\/v2\/users\/19"}],"replies":[{"embeddable":true,"href":"https:\/\/www.pbkm.pl\/en\/wp-json\/wp\/v2\/comments?post=8247"}],"version-history":[{"count":3,"href":"https:\/\/www.pbkm.pl\/en\/wp-json\/wp\/v2\/pages\/8247\/revisions"}],"predecessor-version":[{"id":10236,"href":"https:\/\/www.pbkm.pl\/en\/wp-json\/wp\/v2\/pages\/8247\/revisions\/10236"}],"wp:attachment":[{"href":"https:\/\/www.pbkm.pl\/en\/wp-json\/wp\/v2\/media?parent=8247"}],"curies":[{"name":"wp","href":"https:\/\/api.w.org\/{rel}","templated":true}]}}