{"id":8242,"date":"2024-06-12T14:41:51","date_gmt":"2024-06-12T12:41:51","guid":{"rendered":"https:\/\/www.new.pbkm.pl\/about-us\/cord-blood-donation-program-for-brain-development\/"},"modified":"2024-06-12T14:41:51","modified_gmt":"2024-06-12T12:41:51","slug":"cord-blood-donation-program-for-brain-development","status":"publish","type":"page","link":"https:\/\/www.pbkm.pl\/en\/about-us\/cord-blood-donation-program-for-brain-development","title":{"rendered":"Cord Blood Donation Program For Brain Development"},"content":{"rendered":"\n<section class=\"hero flex flex-col justify-center bg-center bg-cover bg-no-repeat py-32 lg:py-48 mb-72 xl:mb-120 relative min-h-[20.5rem] xl:min-h-[26rem]\" style=\"background-image: url(https:\/\/www.pbkm.pl\/wp-content\/uploads\/2024\/04\/hero_bg.png)\">\n\t<div class=\"container items-center\">\n\t\t<h1 class=\"text-center text-blue max-w-[90%] md:max-w-[60%] lg:max-w-[80%] xxl:max-w-1200 mx-auto\">\n\t\t\t\t\t\t\t<span class=\"font-normal break-words\">Krew p\u0119powinowa<\/span>\n\t\t\t\n\t\t\t\t\t\t\t<br\/>\n\t\t\t\n\t\t\t\t\t\t\t<span class=\"font-extralight break-words\">&#8211; unikatowa szansa<\/span>\n\t\t\t\t\t<\/h1>\n\t<\/div>\n\n\t<div class=\"absolute left-[-14rem] bottom-[-10.8rem] md:bottom-[-15.8rem] xl:bottom-[-20.3rem]\">\n\t\t<svg width=\"500\" height=\"500\" viewbox=\"0 0 500 500\" fill=\"none\" xmlns=\"http:\/\/www.w3.org\/2000\/svg\" class=\"size-180 md:size-260 xl:size-340\">\n\t\t\t<mask id=\"mask0_1511_27028\" style=\"mask-type:alpha\" maskunits=\"userSpaceOnUse\" x=\"0\" y=\"0\" width=\"500\" height=\"200\">\n\t\t\t\t<rect width=\"500\" height=\"200\" transform=\"matrix(-1 0 0 1 500 0)\" fill=\"#D9D9D9\"\/>\n\t\t\t<\/mask>\n\t\t\t<g mask=\"url(#mask0_1511_27028)\">\n\t\t\t\t<path d=\"M214.686 463.894C166.261 512.319 87.156 511.726 38.731 463.301C-9.69398 414.876 -10.2866 335.771 38.1384 287.346L287.04 38.4443C335.465 -9.98075 414.57 -9.3881 462.995 39.0369C511.42 87.4619 512.013 166.567 463.588 214.992L214.686 463.894Z\" fill=\"#FE6F20\"\/>\n\t\t\t<\/g>\n\t\t\t<path d=\"M214.404 462.612C166.377 510.639 87.7903 509.946 39.7484 461.905C-8.29344 413.863 -8.98578 335.276 39.0413 287.249L287.943 38.3476C335.97 -9.67956 414.556 -8.98719 462.598 39.0547C510.64 87.0966 511.333 165.683 463.305 213.71L214.404 462.612Z\" stroke=\"#FE6F20\" stroke-width=\"2\"\/>\n\t\t<\/svg>\n\t<\/div>\n\n\t<div class=\"absolute right-[-10rem] bottom-[-7.2rem] md:bottom-[-10.4rem] xl:bottom-[-13.6rem]\">\n\t\t<svg width=\"500\" height=\"500\" viewbox=\"0 0 500 500\" fill=\"none\" xmlns=\"http:\/\/www.w3.org\/2000\/svg\" class=\"size-180 md:size-260 xl:size-340\">\n\t\t\t<mask id=\"mask0_1511_27023\" style=\"mask-type:alpha\" maskunits=\"userSpaceOnUse\" x=\"0\" y=\"0\" width=\"500\" height=\"300\">\n\t\t\t\t<rect width=\"500\" height=\"300\" fill=\"#D9D9D9\"\/>\n\t\t\t<\/mask>\n\t\t\t<g mask=\"url(#mask0_1511_27023)\">\n\t\t\t\t<path d=\"M285.622 36.4146C334.047 -12.0104 413.069 -11.5011 461.494 36.9239C509.919 85.349 510.429 164.371 462.004 212.796L213.102 461.697C164.677 510.122 85.6552 509.613 37.2302 461.188C-11.1948 412.763 -11.7041 333.741 36.7209 285.316L285.622 36.4146Z\" fill=\"#1560DA\"\/>\n\t\t\t<\/g>\n\t\t\t<path d=\"M285.596 37.3883C333.623 -10.6388 412.21 -9.94644 460.252 38.0955C508.293 86.1373 508.986 164.724 460.959 212.751L212.057 461.652C164.03 509.68 85.4436 508.987 37.4017 460.945C-10.6402 412.903 -11.3325 334.317 36.6946 286.29L285.596 37.3883Z\" stroke=\"#1560DA\" stroke-width=\"2\"\/>\n\t\t<\/svg>\n\t<\/div>\n<\/section>\n\n\n<section class=\"section-with-heading-and-text section-margin section-margin--small\">\n\t<div class=\"container\">\n\n\t\t\t\t\t\n\t\t\t\n    <h2   class=\"  text-blue break-words lg:max-w-[90%] xl:max-w-[98rem]\">\n\n            Program leczniczy Grupy FamiCord prze\u0142omem w wykorzystaniu w\u0142asnych kom\u00f3rek macierzystych\n\n    <\/h2>\n\n\t\t\n\t\t\t\t\t\t\t\t<div class=\"mt-24 xl:mt-40 xl:ml-100 space-y-24 lead-paragraph xl:max-w-[78rem]\"><p>Grupa FamiCord powo\u0142uje program leczniczy wykorzystania autologicznych kom\u00f3rek macierzystych z krwi p\u0119powinowej w leczeniu dzieci\u0119cego pora\u017cenia m\u00f3zgowego oraz zaburze\u0144 ze spektrum autyzmu. Oznacza to dost\u0119p dla pacjent\u00f3w z ca\u0142ej Europy do innowacyjnych terapii kom\u00f3rkami macierzystymi przeprowadzanych w Polsce. Pierwszym partnerem, z kt\u00f3rym FamiCord podejmuje wsp\u00f3\u0142prac\u0119 jest Uniwersytecki Szpital Dzieci\u0119cy w Lublinie.<\/p>\n<\/div>\n\t\t\n        \t<\/div>\n<\/section>\n\n\n  \n\n        \n<section class=\"mixed-content-section alignfull relative  pt-64 pb-24 lg:py-100\">\n                  \n  <div class=\"container  grid grid-cols-1 md:grid-cols-2 xl:grid-cols-[48rem_58rem] items-center md:gap-x-58 lg:gap-x-80 xl:gap-x-100 xxl:gap-x-120 relative xxxl:justify-center\">\n          \n\n\n<div class=\"mb-64 m:mb-84 md:mb-0 relative order-1 md:order-2\">\n  <div class=\"absolute top-1\/2 left-1\/2 -translate-x-1\/2 -translate-y-1\/2 text-blue\">\n          <svg xmlns=\"http:\/\/www.w3.org\/2000\/svg\"\n        width=\"731\"\n        height=\"730\"\n        viewbox=\"0 0 731 730\"\n        fill=\"none\"\n        class=\"size-[35rem] m:size-[40rem] lg:size-[55rem] xl:size-[75rem]\">\n        <path d=\"M458.118 682.429C520.211 744.522 620.884 744.522 682.978 682.429C745.071 620.336 745.071 519.662 682.978 457.569L272.995 47.5862C210.902 -14.5072 110.228 -14.5073 48.135 47.5861C-13.9583 109.679 -13.9583 210.353 48.135 272.446L458.118 682.429Z\"\n          stroke=\"currentColor\"\n          stroke-width=\"2\" \/>\n      <\/svg>\n      <\/div>\n\n  <div class=\"[&#038;_figure]:h-[29rem] lg:[&#038;_figure]:h-[38rem] xl:[&#038;_figure]:h-[48rem]xxl:[&#038;_figure]:h-[60rem] rounded-tr-16 rounded-br-16 rounded-bl-16 overflow-hidden mx-[5%] md:mx-0\">\n                  \n      \n    <figure class=\"overflow-hidden relative z-20 [&#038;_img]:object-cover\">\n\n                                                \n                            \n        <img decoding=\"async\" fetchpriority=\"auto\" src=\"https:\/\/www.pbkm.pl\/wp-content\/uploads\/2024\/06\/cord-blood.webp\" srcset=\"https:\/\/www.pbkm.pl\/wp-content\/uploads\/2024\/06\/cord-blood.png 580w, https:\/\/www.pbkm.pl\/wp-content\/uploads\/2024\/06\/cord-blood-300x248.png 300w, https:\/\/www.pbkm.pl\/wp-content\/uploads\/2024\/06\/cord-blood-500x414.png 500w\" sizes=\"(max-width: 580px) 100vw, 580px\" alt=\"cord-blood\" class=\"h-full w-full object-cover\" width=\"580\" height=\"480\" loading=\"lazy\" \/>\n\n    <\/figure>\n\n        <\/div>\n<\/div>\n    \n    <div class=\"order-1 space-y-24 xl:space-y-48 md:p-0 flex flex-col\">\n              \n    <h4   class=\" text-blue\">\n\n            Program Poda\u0144 Krwi P\u0119powinowej Dla Rozwoju M\u00f3zgu\n\n    <\/h4>\n\n      \n      \n              <div class=\"flex flex-col md:flex-row gap-y-16 gap-x-24 xl:pl-80 xxl:pl-100 xxxl:pl-120\">\n                      \n\t\n\t\n\t\t\t\t\t<a href=\"https:\/\/www.pbkm.pl\/wp-content\/uploads\/2024\/06\/eksperyment-segregator-11-04-2022_prev.pdf\" target=\"\"  class=\"button primary text-center  \">\n        \n        \n                    Pobierz materia\u0142y informacyjne\n        \n        \n        \n                    <\/a>\n\t\t\n\t\n                  <\/div>\n          <\/div>\n  <\/div>\n<\/section>\n\n\n<section class=\"section-with-heading-and-text section-margin section-margin--small\">\n\t<div class=\"container\">\n\n\t\t\t\t\t\n\t\t\t\n    <h3   class=\"  text-blue break-words \">\n\n            Grupa FamiCord\n\n    <\/h3>\n\n\t\t\n\t\t\t\t\t\t\t\t<div class=\"mt-24 xl:mt-40 xl:ml-100 space-y-24  \"><p>Grupa FamiCord jest najwi\u0119kszym w Europie i pi\u0105tym najwi\u0119kszym bankiem kom\u00f3rek macierzystych na \u015bwiecie. Obecnie wsp\u00f3\u0142pracuje z ponad 1300 szpitalami w Europie. Powo\u0142any do \u017cycia mi\u0119dzynarodowy program leczniczy <a href=\"https:\/\/www.pbkm.pl\/wp-content\/uploads\/2024\/06\/eksperyment-segregator-11-04-2022_prev.pdf\">Program Poda\u0144 Krwi P\u0119powinowej dla Rozwoju M\u00f3zgu<\/a> (FamiCord Group Expanded Access Protocol Cord Blood for Brain Development) to kolejny krok w dzia\u0142aniach wspieraj\u0105cych prace lekarzy i naukowc\u00f3w zajmuj\u0105cych si\u0119 wykorzystaniem dzia\u0142ania w\u0142asnych kom\u00f3rek macierzystych w leczeniu chor\u00f3b neurologicznych oraz szansa dla dzieci dotkni\u0119tych dzieci\u0119cym pora\u017ceniem m\u00f3zgowym oraz zaburzeniami ze spektrum autyzmu, kt\u00f3re dzi\u0119ki podaniu w\u0142asnej krwi p\u0119powinowej maj\u0105 szans\u0119 na popraw\u0119 kliniczn\u0105.<\/p>\n<\/div>\n\t\t\n        \t<\/div>\n<\/section>\n\n\n<section class=\"section-with-heading-and-text section-margin section-margin--small\">\n\t<div class=\"container\">\n\n\t\t\t\t\t\n\t\t\t\n    <h3   class=\"  text-blue break-words \">\n\n            Uniwersytecki Szpital Dzieci\u0119cy w Lublinie\n\n    <\/h3>\n\n\t\t\n\t\t\t\t\t\t\t\t<div class=\"mt-24 xl:mt-40 xl:ml-100 space-y-24  \"><p>Wyb\u00f3r Uniwersyteckiego Szpitala Dzieci\u0119cego w Lublinie na pierwszego partnera naszego programu jest nieprzypadkowy \u2013 poprzedzi\u0142 go okres wsp\u00f3lnej pracy, bada\u0144 i pierwszych sukces\u00f3w, jakimi by\u0142y pilota\u017cowe  podania u ma\u0142ych pacjent\u00f3w szpitala. Teraz wsp\u00f3lnie wchodzimy w kolejny etap wsp\u00f3\u0142pracy a jej efektami b\u0119dziemy mogli wkr\u00f3tce podzieli\u0107 si\u0119 z opini\u0105 publiczn\u0105. Co wa\u017cne, nasz program jest pierwszym programem w Europie, a drugim tego typu na \u015bwiecie. Naszym zadaniem, jako banku, jest przede wszystkim zabezpieczanie jej dla naszych klient\u00f3w i ich bliskich, ale te\u017c pomoc pacjentom w jej u\u017cyciu je\u015bli jest taka potrzeba. \u2013 m\u00f3wi Tomasz Baran z nale\u017c\u0105cego do Grupy FamiCord Polskiego Banku Kom\u00f3rek Macierzystych. W za\u0142o\u017ceniu Program ma by\u0107 bezp\u0142atny dla klient\u00f3w Grupy FamiCord \u2013 dodaje.<\/p>\n<p>Za realizacj\u0119 za\u0142o\u017ce\u0144 badawczych i klinicznych &#8220;programu bada\u0144 krwi p\u0119powinowej dla rozwoju m\u00f3zgu&#8221; w imieniu Uniwersyteckiego Szpitala Dzieci\u0119cego w Lublinie odpowiada dr hab. Magdalena Chro\u015bci\u0144ska-Krawczyk  pionierka zastosowania kom\u00f3rek macierzystych z krwi p\u0119powinowej i galarety Whartona w neurologii dzieci\u0119cej. Teraz b\u0119dzie jeszcze szerzej realizowa\u0107 program autologicznych kom\u00f3rek macierzystych z krwi p\u0119powinowej.<\/p>\n<p><strong>Kom\u00f3rki macierzyste pozyskane przy porodzie stosowane s\u0105 ju\u017c od kilku jako \u017ar\u00f3d\u0142o w procedurze medycznego eksperymentu leczniczego. Mieli\u015bmy ju\u017c kilkana\u015bcioro  dzieci, u kt\u00f3rych wykorzystali\u015bmy autologiczn\u0105 krew p\u0119powinow\u0105. Niedawno pokaza\u0142y si\u0119 wyniku podobnych procedur z o\u015brodka w USA, gdzie leczono blisko 300 dzieci. Liczymy, \u017ce teraz b\u0119dziemy mogli pom\u00f3c wi\u0119kszej liczbie dzieci, bo dzi\u0119ki Grupie FamiCord zg\u0142aszaj\u0105 si\u0119 do nas pacjenci z ca\u0142ej Europy<\/strong> \u2013 m\u00f3wi o perspektywach programu dr hab. Magdalena Chro\u015bci\u0144ska-Krawczyk.<\/p>\n<\/div>\n\t\t\n        \t<\/div>\n<\/section>\n\n\n\t<section class=\"cta cta--blue alignfull pt-48 pb-64 md:pt-56 md:pb-72 xl:pt-64 xl:pb-80 relative overflow-hidden section-margin section-margin--small\">\n      <div class=\"cta-decorator-wrapper--top absolute top-0 left-0\">\n      <svg width=\"566\"\n  height=\"386\"\n  viewBox=\"0 0 566 386\"\n  fill=\"none\"\n  xmlns=\"http:\/\/www.w3.org\/2000\/svg\"\n  class=\"cta-decorator\">\n  <rect x=\"-396.5\"\n    y=\"470.586\"\n    width=\"398\"\n    height=\"998\"\n    rx=\"199\"\n    transform=\"rotate(-135 -396.5 470.586)\"\n    stroke=\"currentColor\"\n    stroke-width=\"2\" \/>\n  <path d=\"M166.5 -122C166.5 -231.905 255.595 -321 365.5 -321C475.405 -321 564.5 -231.905 564.5 -122C564.5 -12.0953 475.405 77 365.5 77C255.595 77 166.5 -12.0953 166.5 -122Z\"\n    stroke=\"currentColor\"\n    stroke-width=\"2\" \/>\n<\/svg>\n\n    <\/div>\n    <div class=\"cta-decorator-wrapper--bottom absolute bottom-0 right-0\">\n      <svg width=\"574\"\n  height=\"386\"\n  viewBox=\"0 0 574 386\"\n  fill=\"none\"\n  xmlns=\"http:\/\/www.w3.org\/2000\/svg\"\n  class=\"cta-decorator\">\n  <rect x=\"963.5\"\n    y=\"-84.5858\"\n    width=\"398\"\n    height=\"998\"\n    rx=\"199\"\n    transform=\"rotate(45 963.5 -84.5858)\"\n    stroke=\"currentColor\"\n    stroke-width=\"2\" \/>\n  <path d=\"M399.5 508C399.5 617.905 310.405 707 200.5 707C90.5953 707 1.5 617.905 1.5 508C1.5 398.095 90.5953 309 200.5 309C310.405 309 399.5 398.095 399.5 508Z\"\n    stroke=\"currentColor\"\n    stroke-width=\"2\" \/>\n<\/svg>\n\n    <\/div>\n  \n  <div class=\"container flex flex-col items-center gap-y-32 text-center relative z-1\">\n      <figure>\n    <img decoding=\"async\" src=\"https:\/\/www.pbkm.pl\/wp-content\/uploads\/2024\/05\/info-white-icon.svg\" alt=\"Icon\" class=\"style-svg w-48 h-auto\" \/>\n  <\/figure>\n\n  \n    <h4   class=\"  lg:max-w-[97rem]\">\n\n            Do tej pory w lubelskim szpitalu w pilota\u017cowej fazie programu terapii w\u0142asn\u0105 krwi\u0105 p\u0119powinow\u0105 klient\u00f3w Grupy FamiCord przyst\u0105pi\u0142o ju\u017c 14 ma\u0142ych pacjent\u00f3w.\n\n    <\/h4>\n\n\n\n<div class=\"flex flex-col sm:flex-row justify-center items-center flex-wrap gap-8 md:gap-y-16 md:gap-x-40 w-full sm:w-auto\">\n        \n  \n        \n  \n  \n  <\/div>\n  <\/div>\n<\/section>\n\n\n<section class=\"section-with-heading-and-text section-margin section-margin--small\">\n\t<div class=\"container\">\n\n\t\t\t\t\t\n\t\t\t\n    <h3   class=\"  text-blue break-words \">\n\n            Najwi\u0119ksze w Europie do\u015bwiadczenie w przekazywaniu i wykorzystywaniu zdeponowanego materia\u0142u do leczenia\n\n    <\/h3>\n\n\t\t\n\t\t\t\t\t\t\t\t<div class=\"mt-24 xl:mt-40 xl:ml-100 space-y-24  \"><p><strong>FamiCord Group ma obecnie najwi\u0119ksze w Europie do\u015bwiadczenie w przekazywaniu i wykorzystywaniu zdeponowanego materia\u0142u do leczenia. Mamy najlepsze w Europie warunki pozwalaj\u0105ce na opracowanie materia\u0142u kom\u00f3rkowego do zastosowania klinicznego. Nasze  badania wykaza\u0142y, \u017ce pacjenci z chorobami neurologicznymi poddani terapii z wykorzystaniem kom\u00f3rek macierzystych ze sznura p\u0119powiny  uzyskali istotn\u0105 popraw\u0119 samodzielno\u015bci, niezale\u017cno\u015bci i jako\u015bci \u017cycia. To bardzo obiecuj\u0105ce wyniki, ale przed nami jeszcze d\u0142uga droga, by odkry\u0107 pe\u0142ne spektrum mo\u017cliwo\u015bci kom\u00f3rek macierzystych z krwi p\u0119powinowej i sznura p\u0119powiny<\/strong> \u2013 t\u0142umaczy dr n. med. Dariusz Boruczkowski z Grupy FamiCord<\/p>\n<p>Krew p\u0119powinow\u0105 mo\u017cna zabezpieczy\u0107 tylko raz w \u017cyciu &#8211; podczas porodu, to wykonuj\u0105 banki z Grupy FamiCord w ca\u0142ej Europie. Pochodz\u0105ce z niej kom\u00f3rki macierzyste mog\u0105 w przysz\u0142o\u015bci pos\u0142u\u017cy\u0107 w ratowaniu zdrowia i \u017cycia nie tylko ich w\u0142a\u015bciciela, ale te\u017c jego bliskich. Kom\u00f3rki macierzyste z krwi p\u0119powinowej s\u0105 bowiem du\u017co bardziej \u201euniwersalne\u201d w zastosowaniu.<\/p>\n<\/div>\n\t\t\n        \t<\/div>\n<\/section>\n","protected":false},"excerpt":{"rendered":"","protected":false},"author":1,"featured_media":0,"parent":8040,"menu_order":0,"comment_status":"closed","ping_status":"closed","template":"","meta":{"_acf_changed":false,"inline_featured_image":false,"editor_plus_copied_stylings":"{}","footnotes":""},"class_list":["post-8242","page","type-page","status-publish","hentry"],"yoast_head":"<!-- This site is optimized with the Yoast SEO plugin v27.5 - https:\/\/yoast.com\/product\/yoast-seo-wordpress\/ -->\n<title>Cord Blood Donation Program For Brain Development - PBKM<\/title>\n<meta name=\"robots\" content=\"index, follow, max-snippet:-1, max-image-preview:large, max-video-preview:-1\" \/>\n<link rel=\"canonical\" href=\"https:\/\/www.pbkm.pl\/en\/about-us\/cord-blood-donation-program-for-brain-development\" \/>\n<meta property=\"og:locale\" content=\"en_US\" \/>\n<meta property=\"og:type\" content=\"article\" \/>\n<meta property=\"og:title\" content=\"Cord Blood Donation Program For Brain Development - PBKM\" \/>\n<meta property=\"og:url\" content=\"https:\/\/www.pbkm.pl\/en\/about-us\/cord-blood-donation-program-for-brain-development\" \/>\n<meta property=\"og:site_name\" content=\"PBKM\" \/>\n<meta name=\"twitter:card\" content=\"summary_large_image\" \/>\n<script type=\"application\/ld+json\" class=\"yoast-schema-graph\">{\"@context\":\"https:\\\/\\\/schema.org\",\"@graph\":[{\"@type\":\"WebPage\",\"@id\":\"https:\\\/\\\/www.pbkm.pl\\\/en\\\/about-us\\\/cord-blood-donation-program-for-brain-development\",\"url\":\"https:\\\/\\\/www.pbkm.pl\\\/en\\\/about-us\\\/cord-blood-donation-program-for-brain-development\",\"name\":\"Cord Blood Donation Program For Brain Development - PBKM\",\"isPartOf\":{\"@id\":\"https:\\\/\\\/www.pbkm.pl\\\/en#website\"},\"datePublished\":\"2024-06-12T12:41:51+00:00\",\"breadcrumb\":{\"@id\":\"https:\\\/\\\/www.pbkm.pl\\\/en\\\/about-us\\\/cord-blood-donation-program-for-brain-development#breadcrumb\"},\"inLanguage\":\"en-US\",\"potentialAction\":[{\"@type\":\"ReadAction\",\"target\":[\"https:\\\/\\\/www.pbkm.pl\\\/en\\\/about-us\\\/cord-blood-donation-program-for-brain-development\"]}]},{\"@type\":\"BreadcrumbList\",\"@id\":\"https:\\\/\\\/www.pbkm.pl\\\/en\\\/about-us\\\/cord-blood-donation-program-for-brain-development#breadcrumb\",\"itemListElement\":[{\"@type\":\"ListItem\",\"position\":1,\"name\":\"Main page\",\"item\":\"https:\\\/\\\/www.pbkm.pl\\\/en\"},{\"@type\":\"ListItem\",\"position\":2,\"name\":\"About us\",\"item\":\"https:\\\/\\\/www.pbkm.pl\\\/en\\\/about-us\"},{\"@type\":\"ListItem\",\"position\":3,\"name\":\"Cord Blood Donation Program For Brain Development\"}]},{\"@type\":\"WebSite\",\"@id\":\"https:\\\/\\\/www.pbkm.pl\\\/en#website\",\"url\":\"https:\\\/\\\/www.pbkm.pl\\\/en\",\"name\":\"PBKM\",\"description\":\"\",\"publisher\":{\"@id\":\"https:\\\/\\\/www.pbkm.pl\\\/en#organization\"},\"potentialAction\":[{\"@type\":\"SearchAction\",\"target\":{\"@type\":\"EntryPoint\",\"urlTemplate\":\"https:\\\/\\\/www.pbkm.pl\\\/en?s={search_term_string}\"},\"query-input\":{\"@type\":\"PropertyValueSpecification\",\"valueRequired\":true,\"valueName\":\"search_term_string\"}}],\"inLanguage\":\"en-US\"},{\"@type\":\"Organization\",\"@id\":\"https:\\\/\\\/www.pbkm.pl\\\/en#organization\",\"name\":\"PBKM - Polski Bank Kom\u00f3rek Macierzystych\",\"url\":\"https:\\\/\\\/www.pbkm.pl\\\/en\",\"logo\":{\"@type\":\"ImageObject\",\"inLanguage\":\"en-US\",\"@id\":\"https:\\\/\\\/www.pbkm.pl\\\/en#\\\/schema\\\/logo\\\/image\\\/\",\"url\":\"https:\\\/\\\/www.pbkm.pl\\\/wp-content\\\/uploads\\\/2024\\\/07\\\/Polski_Bank_Komorek_Macierzystych_logo_rgb-scaled.webp\",\"contentUrl\":\"https:\\\/\\\/www.pbkm.pl\\\/wp-content\\\/uploads\\\/2024\\\/07\\\/Polski_Bank_Komorek_Macierzystych_logo_rgb-scaled.webp\",\"width\":2560,\"height\":546,\"caption\":\"PBKM - Polski Bank Kom\u00f3rek Macierzystych\"},\"image\":{\"@id\":\"https:\\\/\\\/www.pbkm.pl\\\/en#\\\/schema\\\/logo\\\/image\\\/\"}}]}<\/script>\n<!-- \/ Yoast SEO plugin. -->","yoast_head_json":{"title":"Cord Blood Donation Program For Brain Development - PBKM","robots":{"index":"index","follow":"follow","max-snippet":"max-snippet:-1","max-image-preview":"max-image-preview:large","max-video-preview":"max-video-preview:-1"},"canonical":"https:\/\/www.pbkm.pl\/en\/about-us\/cord-blood-donation-program-for-brain-development","og_locale":"en_US","og_type":"article","og_title":"Cord Blood Donation Program For Brain Development - PBKM","og_url":"https:\/\/www.pbkm.pl\/en\/about-us\/cord-blood-donation-program-for-brain-development","og_site_name":"PBKM","twitter_card":"summary_large_image","schema":{"@context":"https:\/\/schema.org","@graph":[{"@type":"WebPage","@id":"https:\/\/www.pbkm.pl\/en\/about-us\/cord-blood-donation-program-for-brain-development","url":"https:\/\/www.pbkm.pl\/en\/about-us\/cord-blood-donation-program-for-brain-development","name":"Cord Blood Donation Program For Brain Development - PBKM","isPartOf":{"@id":"https:\/\/www.pbkm.pl\/en#website"},"datePublished":"2024-06-12T12:41:51+00:00","breadcrumb":{"@id":"https:\/\/www.pbkm.pl\/en\/about-us\/cord-blood-donation-program-for-brain-development#breadcrumb"},"inLanguage":"en-US","potentialAction":[{"@type":"ReadAction","target":["https:\/\/www.pbkm.pl\/en\/about-us\/cord-blood-donation-program-for-brain-development"]}]},{"@type":"BreadcrumbList","@id":"https:\/\/www.pbkm.pl\/en\/about-us\/cord-blood-donation-program-for-brain-development#breadcrumb","itemListElement":[{"@type":"ListItem","position":1,"name":"Main page","item":"https:\/\/www.pbkm.pl\/en"},{"@type":"ListItem","position":2,"name":"About us","item":"https:\/\/www.pbkm.pl\/en\/about-us"},{"@type":"ListItem","position":3,"name":"Cord Blood Donation Program For Brain Development"}]},{"@type":"WebSite","@id":"https:\/\/www.pbkm.pl\/en#website","url":"https:\/\/www.pbkm.pl\/en","name":"PBKM","description":"","publisher":{"@id":"https:\/\/www.pbkm.pl\/en#organization"},"potentialAction":[{"@type":"SearchAction","target":{"@type":"EntryPoint","urlTemplate":"https:\/\/www.pbkm.pl\/en?s={search_term_string}"},"query-input":{"@type":"PropertyValueSpecification","valueRequired":true,"valueName":"search_term_string"}}],"inLanguage":"en-US"},{"@type":"Organization","@id":"https:\/\/www.pbkm.pl\/en#organization","name":"PBKM - Polski Bank Kom\u00f3rek Macierzystych","url":"https:\/\/www.pbkm.pl\/en","logo":{"@type":"ImageObject","inLanguage":"en-US","@id":"https:\/\/www.pbkm.pl\/en#\/schema\/logo\/image\/","url":"https:\/\/www.pbkm.pl\/wp-content\/uploads\/2024\/07\/Polski_Bank_Komorek_Macierzystych_logo_rgb-scaled.webp","contentUrl":"https:\/\/www.pbkm.pl\/wp-content\/uploads\/2024\/07\/Polski_Bank_Komorek_Macierzystych_logo_rgb-scaled.webp","width":2560,"height":546,"caption":"PBKM - Polski Bank Kom\u00f3rek Macierzystych"},"image":{"@id":"https:\/\/www.pbkm.pl\/en#\/schema\/logo\/image\/"}}]}},"acf":[],"_links":{"self":[{"href":"https:\/\/www.pbkm.pl\/en\/wp-json\/wp\/v2\/pages\/8242","targetHints":{"allow":["GET"]}}],"collection":[{"href":"https:\/\/www.pbkm.pl\/en\/wp-json\/wp\/v2\/pages"}],"about":[{"href":"https:\/\/www.pbkm.pl\/en\/wp-json\/wp\/v2\/types\/page"}],"author":[{"embeddable":true,"href":"https:\/\/www.pbkm.pl\/en\/wp-json\/wp\/v2\/users\/1"}],"replies":[{"embeddable":true,"href":"https:\/\/www.pbkm.pl\/en\/wp-json\/wp\/v2\/comments?post=8242"}],"version-history":[{"count":0,"href":"https:\/\/www.pbkm.pl\/en\/wp-json\/wp\/v2\/pages\/8242\/revisions"}],"up":[{"embeddable":true,"href":"https:\/\/www.pbkm.pl\/en\/wp-json\/wp\/v2\/pages\/8040"}],"wp:attachment":[{"href":"https:\/\/www.pbkm.pl\/en\/wp-json\/wp\/v2\/media?parent=8242"}],"curies":[{"name":"wp","href":"https:\/\/api.w.org\/{rel}","templated":true}]}}