{"id":8239,"date":"2024-06-12T15:23:35","date_gmt":"2024-06-12T13:23:35","guid":{"rendered":"https:\/\/www.new.pbkm.pl\/foundations\/"},"modified":"2024-06-12T15:23:35","modified_gmt":"2024-06-12T13:23:35","slug":"foundations","status":"publish","type":"page","link":"https:\/\/www.pbkm.pl\/en\/foundations","title":{"rendered":"Foundations"},"content":{"rendered":"\n<section class=\"hero flex flex-col justify-center bg-center bg-cover bg-no-repeat py-32 lg:py-48 mb-72 xl:mb-120 relative min-h-[20.5rem] xl:min-h-[26rem]\" style=\"background-image: url(https:\/\/www.pbkm.pl\/wp-content\/uploads\/2024\/04\/hero_bg.png)\">\n\t<div class=\"container items-center\">\n\t\t<h1 class=\"text-center text-blue max-w-[90%] md:max-w-[60%] lg:max-w-[80%] xxl:max-w-1200 mx-auto\">\n\t\t\t\n\t\t\t\n\t\t\t\t\t\t\t<span class=\"font-extralight break-words\">Fundacje<\/span>\n\t\t\t\t\t<\/h1>\n\t<\/div>\n\n\t<div class=\"absolute left-[-14rem] bottom-[-10.8rem] md:bottom-[-15.8rem] xl:bottom-[-20.3rem]\">\n\t\t<svg width=\"500\" height=\"500\" viewbox=\"0 0 500 500\" fill=\"none\" xmlns=\"http:\/\/www.w3.org\/2000\/svg\" class=\"size-180 md:size-260 xl:size-340\">\n\t\t\t<mask id=\"mask0_1511_27028\" style=\"mask-type:alpha\" maskunits=\"userSpaceOnUse\" x=\"0\" y=\"0\" width=\"500\" height=\"200\">\n\t\t\t\t<rect width=\"500\" height=\"200\" transform=\"matrix(-1 0 0 1 500 0)\" fill=\"#D9D9D9\"\/>\n\t\t\t<\/mask>\n\t\t\t<g mask=\"url(#mask0_1511_27028)\">\n\t\t\t\t<path d=\"M214.686 463.894C166.261 512.319 87.156 511.726 38.731 463.301C-9.69398 414.876 -10.2866 335.771 38.1384 287.346L287.04 38.4443C335.465 -9.98075 414.57 -9.3881 462.995 39.0369C511.42 87.4619 512.013 166.567 463.588 214.992L214.686 463.894Z\" fill=\"#FE6F20\"\/>\n\t\t\t<\/g>\n\t\t\t<path d=\"M214.404 462.612C166.377 510.639 87.7903 509.946 39.7484 461.905C-8.29344 413.863 -8.98578 335.276 39.0413 287.249L287.943 38.3476C335.97 -9.67956 414.556 -8.98719 462.598 39.0547C510.64 87.0966 511.333 165.683 463.305 213.71L214.404 462.612Z\" stroke=\"#FE6F20\" stroke-width=\"2\"\/>\n\t\t<\/svg>\n\t<\/div>\n\n\t<div class=\"absolute right-[-10rem] bottom-[-7.2rem] md:bottom-[-10.4rem] xl:bottom-[-13.6rem]\">\n\t\t<svg width=\"500\" height=\"500\" viewbox=\"0 0 500 500\" fill=\"none\" xmlns=\"http:\/\/www.w3.org\/2000\/svg\" class=\"size-180 md:size-260 xl:size-340\">\n\t\t\t<mask id=\"mask0_1511_27023\" style=\"mask-type:alpha\" maskunits=\"userSpaceOnUse\" x=\"0\" y=\"0\" width=\"500\" height=\"300\">\n\t\t\t\t<rect width=\"500\" height=\"300\" fill=\"#D9D9D9\"\/>\n\t\t\t<\/mask>\n\t\t\t<g mask=\"url(#mask0_1511_27023)\">\n\t\t\t\t<path d=\"M285.622 36.4146C334.047 -12.0104 413.069 -11.5011 461.494 36.9239C509.919 85.349 510.429 164.371 462.004 212.796L213.102 461.697C164.677 510.122 85.6552 509.613 37.2302 461.188C-11.1948 412.763 -11.7041 333.741 36.7209 285.316L285.622 36.4146Z\" fill=\"#1560DA\"\/>\n\t\t\t<\/g>\n\t\t\t<path d=\"M285.596 37.3883C333.623 -10.6388 412.21 -9.94644 460.252 38.0955C508.293 86.1373 508.986 164.724 460.959 212.751L212.057 461.652C164.03 509.68 85.4436 508.987 37.4017 460.945C-10.6402 412.903 -11.3325 334.317 36.6946 286.29L285.596 37.3883Z\" stroke=\"#1560DA\" stroke-width=\"2\"\/>\n\t\t<\/svg>\n\t<\/div>\n<\/section>\n\n\n<section class=\"section-with-heading-and-text section-margin section-margin--small\">\n\t<div class=\"container\">\n\n\t\t\t\t\t\n\t\t\t\n    <h2   class=\"highlight-number  text-blue break-words \">\n\n            Fundacje\n\n    <\/h2>\n\n\t\t\n\t\t\t\t\t\t\t\t<div class=\"mt-24 xl:mt-40 xl:ml-100 space-y-24 lead-paragraph xl:max-w-[78rem]\"><p>Polski Bank Kom\u00f3rek Macierzystych wsp\u00f3\u0142pracuje i wspiera fundacje, kt\u00f3rych dzia\u0142alno\u015b\u0107 dotyczy zagadnie\u0144 medycznych lub zwi\u0105zanych z ci\u0105\u017c\u0105.<\/p>\n<\/div>\n\t\t\n        \t<\/div>\n<\/section>\n\n\n    <div class=\"grid-with-tiles section-margin section-margin--small relative\">\n        <div class=\"grid-with-tiles__pages-container container relative\">\n                                            <div class=\"grid-with-tiles__page grid grid-cols-1 md:grid-cols-2 lg:grid-cols-3 gap-x-20 gap-y-32 is-selected\">\n                                                                    <a role=\"button\" class=\"grid-with-tiles__open-popup-button group flex flex-col bg-white hover:bg-gray-light border border-gray-medium rounded-tr-16 rounded-b-16 py-24 px-32 !no-underline\" data-tile-id=\"1\">\n                                                                                            <div class=\"h-88 flex justify-center\">\n                                    <img decoding=\"async\" src=\"https:\/\/www.pbkm.pl\/wp-content\/uploads\/2024\/06\/fundacja-rodzic-po-ludzku.jpg\" alt=\"Logo Fundacja Rodzi\u0107 po ludzku\" class=\"object-contain\" \/>\n                                <\/div>\n                            \n                                                            <p class=\"h5 !font-light mt-24 mb-24\">Fundacja Rodzi\u0107 po ludzku<\/p>\n                            \n                                                            <p class=\"flex items-center gap-8 text-black group-hover:text-blue text-14 mt-auto\">Read more <svg width=\"11\" height=\"8\" viewbox=\"0 0 11 8\" fill=\"none\" xmlns=\"http:\/\/www.w3.org\/2000\/svg\">\n\t<path d=\"M7.442 7.264L6.63 6.438L8.604 4.52H0.232V3.344H8.59L6.63 1.426L7.442 0.613999L10.76 3.932L7.442 7.264Z\" fill=\"currentColor\"\/>\n<\/svg>\n<\/p>\n                                                    <\/a>\n                                                                    <a role=\"button\" class=\"grid-with-tiles__open-popup-button group flex flex-col bg-white hover:bg-gray-light border border-gray-medium rounded-tr-16 rounded-b-16 py-24 px-32 !no-underline\" data-tile-id=\"2\">\n                                                                                            <div class=\"h-88 flex justify-center\">\n                                    <img decoding=\"async\" src=\"https:\/\/www.pbkm.pl\/wp-content\/uploads\/2024\/06\/fundacja-miska-zdziska.jpg\" alt=\"Logo Fundacja Mi\u015bka Zdzi\u015bka\" class=\"object-contain\" \/>\n                                <\/div>\n                            \n                                                            <p class=\"h5 !font-light mt-24 mb-24\">Fundacja Mi\u015bka Zdzi\u015bka<\/p>\n                            \n                                                            <p class=\"flex items-center gap-8 text-black group-hover:text-blue text-14 mt-auto\">Read more <svg width=\"11\" height=\"8\" viewbox=\"0 0 11 8\" fill=\"none\" xmlns=\"http:\/\/www.w3.org\/2000\/svg\">\n\t<path d=\"M7.442 7.264L6.63 6.438L8.604 4.52H0.232V3.344H8.59L6.63 1.426L7.442 0.613999L10.76 3.932L7.442 7.264Z\" fill=\"currentColor\"\/>\n<\/svg>\n<\/p>\n                                                    <\/a>\n                                                                    <a role=\"button\" class=\"grid-with-tiles__open-popup-button group flex flex-col bg-white hover:bg-gray-light border border-gray-medium rounded-tr-16 rounded-b-16 py-24 px-32 !no-underline\" data-tile-id=\"3\">\n                                                                                            <div class=\"h-88 flex justify-center\">\n                                    <img decoding=\"async\" src=\"https:\/\/www.pbkm.pl\/wp-content\/uploads\/2024\/06\/fundacja-szczesliwe-macierzynstwo.jpg\" alt=\"Logo Fundacja Szcz\u0119\u015bliwe macierzy\u0144stwo\" class=\"object-contain\" \/>\n                                <\/div>\n                            \n                                                            <p class=\"h5 !font-light mt-24 mb-24\">Fundacja Szcz\u0119\u015bliwe macierzy\u0144stwo<\/p>\n                            \n                                                            <p class=\"flex items-center gap-8 text-black group-hover:text-blue text-14 mt-auto\">Read more <svg width=\"11\" height=\"8\" viewbox=\"0 0 11 8\" fill=\"none\" xmlns=\"http:\/\/www.w3.org\/2000\/svg\">\n\t<path d=\"M7.442 7.264L6.63 6.438L8.604 4.52H0.232V3.344H8.59L6.63 1.426L7.442 0.613999L10.76 3.932L7.442 7.264Z\" fill=\"currentColor\"\/>\n<\/svg>\n<\/p>\n                                                    <\/a>\n                                                                    <a role=\"button\" class=\"grid-with-tiles__open-popup-button group flex flex-col bg-white hover:bg-gray-light border border-gray-medium rounded-tr-16 rounded-b-16 py-24 px-32 !no-underline\" data-tile-id=\"4\">\n                                                                                            <div class=\"h-88 flex justify-center\">\n                                    <img decoding=\"async\" src=\"https:\/\/www.pbkm.pl\/wp-content\/uploads\/2024\/06\/eurocord.jpg\" alt=\"Logo EuroCord Stowarzyszenie na rzecz deponowania i wykorzystywania kom\u00f3rek macierzystych\" class=\"object-contain\" \/>\n                                <\/div>\n                            \n                                                            <p class=\"h5 !font-light mt-24 mb-24\">EuroCord Stowarzyszenie na rzecz deponowania i wykorzystywania kom\u00f3rek macierzystych<\/p>\n                            \n                                                            <p class=\"flex items-center gap-8 text-black group-hover:text-blue text-14 mt-auto\">Read more <svg width=\"11\" height=\"8\" viewbox=\"0 0 11 8\" fill=\"none\" xmlns=\"http:\/\/www.w3.org\/2000\/svg\">\n\t<path d=\"M7.442 7.264L6.63 6.438L8.604 4.52H0.232V3.344H8.59L6.63 1.426L7.442 0.613999L10.76 3.932L7.442 7.264Z\" fill=\"currentColor\"\/>\n<\/svg>\n<\/p>\n                                                    <\/a>\n                                                                    <a role=\"button\" class=\"grid-with-tiles__open-popup-button group flex flex-col bg-white hover:bg-gray-light border border-gray-medium rounded-tr-16 rounded-b-16 py-24 px-32 !no-underline\" data-tile-id=\"5\">\n                                                                                            <div class=\"h-88 flex justify-center\">\n                                    <img decoding=\"async\" src=\"https:\/\/www.pbkm.pl\/wp-content\/uploads\/2024\/06\/klinika-budzik.jpg\" alt=\"Logo PBKM partnerem Kliniki \"Budzik\" i Fundacji \"Akogo?\" Ewy B\u0142aszczyk\" class=\"object-contain\" \/>\n                                <\/div>\n                            \n                                                            <p class=\"h5 !font-light mt-24 mb-24\">PBKM partnerem Kliniki &#8220;Budzik&#8221; i Fundacji &#8220;Akogo?&#8221; Ewy B\u0142aszczyk<\/p>\n                            \n                                                            <p class=\"flex items-center gap-8 text-black group-hover:text-blue text-14 mt-auto\">Read more <svg width=\"11\" height=\"8\" viewbox=\"0 0 11 8\" fill=\"none\" xmlns=\"http:\/\/www.w3.org\/2000\/svg\">\n\t<path d=\"M7.442 7.264L6.63 6.438L8.604 4.52H0.232V3.344H8.59L6.63 1.426L7.442 0.613999L10.76 3.932L7.442 7.264Z\" fill=\"currentColor\"\/>\n<\/svg>\n<\/p>\n                                                    <\/a>\n                                    <\/div>\n                    <\/div>\n\n        \n        <div class=\"grid-with-tiles__modal fixed inset-0 z-modal-active bg-gray-light\">\n  <div class=\"container relative pt-18 md:pt-42 h-full overflow-y-auto pb-20\">\n    <div class=\"md:mt-14 md:ml-8\">\n      <button class=\"grid-with-tiles-close-popup-button text-blue text-14 leading-[1.86] font-medium flex items-center gap-8\">\n        <svg width=\"11\" height=\"8\" viewBox=\"0 0 11 8\" fill=\"none\" xmlns=\"http:\/\/www.w3.org\/2000\/svg\">\n    <path d=\"M3.558 7.264L4.37 6.438L2.396 4.52H10.768V3.344H2.41L4.37 1.426L3.558 0.613999L0.24 3.932L3.558 7.264Z\" fill=\"currentColor\"\/>\n<\/svg>\nBack\n      <\/button>\n    <\/div>\n\n          \n      <div class=\"grid-with-tiles__modal-tile flex flex-col lg:flex-row gap-20 mt-16\"\n        data-tile-id=\"1\">\n        <div class=\"lg:w-[40rem] shrink-0\">\n                                  <img decoding=\"async\" src=\"https:\/\/www.pbkm.pl\/wp-content\/uploads\/2024\/06\/fundacja-rodzic-po-ludzku.jpg\"\n              alt=\"Logo Fundacja Rodzi\u0107 po ludzku\"\n              class=\"max-h-88\" \/>\n          \n                      <p class=\"h4 !font-light text-blue mt-16\">Fundacja Rodzi\u0107 po ludzku<\/p>\n          \n                  <\/div>\n\n                  <div class=\"flex-1 lg:pl-20 lg:border-l border-gray-medium\">\n            <p class=\"text-black\">Organizacja pozarz\u0105dowa po\u017cytku publicznego dzia\u0142aj\u0105c\u0105 na rzecz kobiet w ci\u0105\u017cy i matek ma\u0142ych dzieci. Naszym celem jest, aby ka\u017cda kobieta mog\u0142a urodzi\u0107 swoje dziecko w godnych warunkach, otoczona szacunkiem oraz troskliw\u0105 i uwa\u017cn\u0105 opiek\u0105 ze strony personelu, przy wsparciu bliskich jej os\u00f3b.<\/p>\n          <\/div>\n              <\/div>\n          \n      <div class=\"grid-with-tiles__modal-tile flex flex-col lg:flex-row gap-20 mt-16\"\n        data-tile-id=\"2\">\n        <div class=\"lg:w-[40rem] shrink-0\">\n                                  <img decoding=\"async\" src=\"https:\/\/www.pbkm.pl\/wp-content\/uploads\/2024\/06\/fundacja-miska-zdziska.jpg\"\n              alt=\"Logo Fundacja Mi\u015bka Zdzi\u015bka\"\n              class=\"max-h-88\" \/>\n          \n                      <p class=\"h4 !font-light text-blue mt-16\">Fundacja Mi\u015bka Zdzi\u015bka<\/p>\n          \n                  <\/div>\n\n                  <div class=\"flex-1 lg:pl-20 lg:border-l border-gray-medium\">\n            <p class=\"text-black\">Fundacja powsta\u0142a z my\u015bl\u0105 niesienia pomocy dzieciom chorym, niepe\u0142nosprawnym oraz osobom skrzywdzonym przez los, kt\u00f3rzy ze wzgl\u0119d\u00f3w spo\u0142ecznych i zdrowotnych nie s\u0105 w stanie normalnie funkcjonowa\u0107 w spo\u0142ecze\u0144stwie.<\/p>\n          <\/div>\n              <\/div>\n          \n      <div class=\"grid-with-tiles__modal-tile flex flex-col lg:flex-row gap-20 mt-16\"\n        data-tile-id=\"3\">\n        <div class=\"lg:w-[40rem] shrink-0\">\n                                  <img decoding=\"async\" src=\"https:\/\/www.pbkm.pl\/wp-content\/uploads\/2024\/06\/fundacja-szczesliwe-macierzynstwo.jpg\"\n              alt=\"Logo Fundacja Szcz\u0119\u015bliwe macierzy\u0144stwo\"\n              class=\"max-h-88\" \/>\n          \n                      <p class=\"h4 !font-light text-blue mt-16\">Fundacja Szcz\u0119\u015bliwe macierzy\u0144stwo<\/p>\n          \n                  <\/div>\n\n                  <div class=\"flex-1 lg:pl-20 lg:border-l border-gray-medium\">\n            <p class=\"text-black\">Celami Fundacji jest ochrona i promocja zdrowia, ochrona zdrowia spo\u0142ecze\u0144stwa w szczeg\u00f3lno\u015bci kobiet i noworodka oraz podejmowanie i wspieranie dzia\u0142a\u0144 w zakresie upowszechniania profilaktyki zdrowotnej. c) podejmowanie i wspieranie dzia\u0142a\u0144 w zakresie szerzenia higieny i o\u015bwiaty sanitarnej w\u015br\u00f3d populacji, zw\u0142aszcza rejon\u00f3w zaniedbanych gospodarczo.<\/p>\n          <\/div>\n              <\/div>\n          \n      <div class=\"grid-with-tiles__modal-tile flex flex-col lg:flex-row gap-20 mt-16\"\n        data-tile-id=\"4\">\n        <div class=\"lg:w-[40rem] shrink-0\">\n                                  <img decoding=\"async\" src=\"https:\/\/www.pbkm.pl\/wp-content\/uploads\/2024\/06\/eurocord.jpg\"\n              alt=\"Logo EuroCord Stowarzyszenie na rzecz deponowania i wykorzystywania kom\u00f3rek macierzystych\"\n              class=\"max-h-88\" \/>\n          \n                      <p class=\"h4 !font-light text-blue mt-16\">EuroCord Stowarzyszenie na rzecz deponowania i wykorzystywania kom\u00f3rek macierzystych<\/p>\n          \n                  <\/div>\n\n                  <div class=\"flex-1 lg:pl-20 lg:border-l border-gray-medium\">\n            <p class=\"text-black\">Jeste\u015bmy stowarzyszeniem ludzi, kt\u00f3rym bliska jest idea wi\u0119kszego wykorzystania krwi p\u0119powinowej jako \u017ar\u00f3d\u0142a kom\u00f3rek macierzystych. Wykorzystywanie krwi p\u0119powinowej w Polsce jest na razie ma\u0142e, bo nie ma zmagazynowanej krwi w specjalnych bankach.<br \/>\r\n<br \/>\r\nBazuj\u0105c na do\u015bwiadczeniu kraj\u00f3w, w kt\u00f3rych medycyna jest na najwy\u017cszym poziomie (Stany Zjednoczone, Japonia), wiemy, \u017ce krew p\u0119powinowa mo\u017ce sta\u0107 si\u0119 g\u0142\u00f3wnym \u017ar\u00f3d\u0142em kom\u00f3rek macierzystych do transplantacji dla systemu ochrony zdrowia. Wp\u0142yni\u0119to r\u00f3wnocze\u015bnie na zwi\u0119kszenie liczby wykorzystywanych w Polsce transplantacji kom\u00f3rek macierzystych, kt\u00f3rych, obecnie wykorzystuje si\u0119 dwukrotnie mnie ju\u017c w zachodniej Europie.<br \/>\r\n<br \/>\r\nUwa\u017camy, \u017ce jedn\u0105 z g\u0142\u00f3wnych dr\u00f3g prowadz\u0105cych do zmiany obecnego stanu rzeczy jest dostarczenie rzetelnej informacji dla Rodzic\u00f3w spodziewaj\u0105cych si\u0119 dziecka, kt\u00f3rzy powinni mie\u0107 mo\u017cliwo\u015b\u0107 podj\u0119cia decyzji odno\u015bnie pobrania i zdeponowania kom\u00f3rek macierzystych z krwi p\u0119powinowej dziecka.<br \/>\r\n<br \/>\r\nZapraszamy na nasz\u0105 stron\u0119: http:\/\/krewpepowinowa.pl\/o_stowarzyszeniu.html<\/p>\n          <\/div>\n              <\/div>\n          \n      <div class=\"grid-with-tiles__modal-tile flex flex-col lg:flex-row gap-20 mt-16\"\n        data-tile-id=\"5\">\n        <div class=\"lg:w-[40rem] shrink-0\">\n                                  <img decoding=\"async\" src=\"https:\/\/www.pbkm.pl\/wp-content\/uploads\/2024\/06\/klinika-budzik.jpg\"\n              alt=\"Logo PBKM partnerem Kliniki \"Budzik\" i Fundacji \"Akogo?\" Ewy B\u0142aszczyk\"\n              class=\"max-h-88\" \/>\n          \n                      <p class=\"h4 !font-light text-blue mt-16\">PBKM partnerem Kliniki &#8220;Budzik&#8221; i Fundacji &#8220;Akogo?&#8221; Ewy B\u0142aszczyk<\/p>\n          \n                  <\/div>\n\n                  <div class=\"flex-1 lg:pl-20 lg:border-l border-gray-medium\">\n            <p class=\"text-black\">Klinika Neurorehabilitacyjna \u201eBudzik\u201d przy Centrum Zdrowia Dziecka w Mi\u0119dzylesiu zosta\u0142a otwarta 7 grudnia 2012 r. Jest to pierwsza w Polsce klinika dla dzieci po ci\u0119\u017ckich urazach m\u00f3zgu. Jej misj\u0105 jest nie tylko, jak sama nazwa wskazuje, wybudzanie dzieci ze \u015bpi\u0105czki, ale tak\u017ce propagowanie przez Fundacj\u0119 \u201eAkogo?\u201d nowych rozwi\u0105za\u0144 medycznych, kt\u00f3re daj\u0105 ma\u0142emu pacjentowi szans\u0119 na powr\u00f3t do zdrowia. Pierwsi pacjenci zostan\u0105 przyj\u0119ci w I kwartale 2013 r.<br \/>\r\n<br \/>\r\nhttp:\/\/www.akogo.pl\/<\/p>\n          <\/div>\n              <\/div>\n      <\/div>\n<\/div>\n\n        <div class=\"hidden lg:block absolute left-0 -bottom-500 -z-1\">\n            <svg xmlns=\"http:\/\/www.w3.org\/2000\/svg\" width=\"302\" height=\"731\" viewBox=\"0 0 302 731\" fill=\"none\">\n                <path d=\"M28.8268 47.8445C90.9201 -14.2488 191.593 -14.2489 253.687 47.8444C315.78 109.938 315.78 210.611 253.687 272.704L-156.296 682.687C-218.389 744.781 -319.063 744.781 -381.156 682.687C-443.249 620.594 -443.249 519.921 -381.156 457.827L28.8268 47.8445Z\" stroke=\"#1560DA\" stroke-width=\"2\"\/>\n            <\/svg>\n        <\/div>\n    <\/div>\n","protected":false},"excerpt":{"rendered":"","protected":false},"author":1,"featured_media":0,"parent":0,"menu_order":0,"comment_status":"closed","ping_status":"closed","template":"","meta":{"_acf_changed":false,"inline_featured_image":false,"editor_plus_copied_stylings":"{}","footnotes":""},"class_list":["post-8239","page","type-page","status-publish","hentry"],"yoast_head":"<!-- This site is optimized with the Yoast SEO plugin v27.5 - https:\/\/yoast.com\/product\/yoast-seo-wordpress\/ -->\n<title>Foundations - PBKM<\/title>\n<meta name=\"robots\" content=\"index, follow, max-snippet:-1, max-image-preview:large, max-video-preview:-1\" \/>\n<link rel=\"canonical\" href=\"https:\/\/www.pbkm.pl\/en\/foundations\" \/>\n<meta property=\"og:locale\" content=\"en_US\" \/>\n<meta property=\"og:type\" content=\"article\" \/>\n<meta property=\"og:title\" content=\"Foundations - PBKM\" \/>\n<meta property=\"og:url\" content=\"https:\/\/www.pbkm.pl\/en\/foundations\" \/>\n<meta property=\"og:site_name\" content=\"PBKM\" \/>\n<meta name=\"twitter:card\" content=\"summary_large_image\" \/>\n<script type=\"application\/ld+json\" class=\"yoast-schema-graph\">{\"@context\":\"https:\\\/\\\/schema.org\",\"@graph\":[{\"@type\":\"WebPage\",\"@id\":\"https:\\\/\\\/www.pbkm.pl\\\/en\\\/foundations\",\"url\":\"https:\\\/\\\/www.pbkm.pl\\\/en\\\/foundations\",\"name\":\"Foundations - PBKM\",\"isPartOf\":{\"@id\":\"https:\\\/\\\/www.pbkm.pl\\\/en#website\"},\"datePublished\":\"2024-06-12T13:23:35+00:00\",\"breadcrumb\":{\"@id\":\"https:\\\/\\\/www.pbkm.pl\\\/en\\\/foundations#breadcrumb\"},\"inLanguage\":\"en-US\",\"potentialAction\":[{\"@type\":\"ReadAction\",\"target\":[\"https:\\\/\\\/www.pbkm.pl\\\/en\\\/foundations\"]}]},{\"@type\":\"BreadcrumbList\",\"@id\":\"https:\\\/\\\/www.pbkm.pl\\\/en\\\/foundations#breadcrumb\",\"itemListElement\":[{\"@type\":\"ListItem\",\"position\":1,\"name\":\"Main page\",\"item\":\"https:\\\/\\\/www.pbkm.pl\\\/en\"},{\"@type\":\"ListItem\",\"position\":2,\"name\":\"Foundations\"}]},{\"@type\":\"WebSite\",\"@id\":\"https:\\\/\\\/www.pbkm.pl\\\/en#website\",\"url\":\"https:\\\/\\\/www.pbkm.pl\\\/en\",\"name\":\"PBKM\",\"description\":\"\",\"publisher\":{\"@id\":\"https:\\\/\\\/www.pbkm.pl\\\/en#organization\"},\"potentialAction\":[{\"@type\":\"SearchAction\",\"target\":{\"@type\":\"EntryPoint\",\"urlTemplate\":\"https:\\\/\\\/www.pbkm.pl\\\/en?s={search_term_string}\"},\"query-input\":{\"@type\":\"PropertyValueSpecification\",\"valueRequired\":true,\"valueName\":\"search_term_string\"}}],\"inLanguage\":\"en-US\"},{\"@type\":\"Organization\",\"@id\":\"https:\\\/\\\/www.pbkm.pl\\\/en#organization\",\"name\":\"PBKM - Polski Bank Kom\u00f3rek Macierzystych\",\"url\":\"https:\\\/\\\/www.pbkm.pl\\\/en\",\"logo\":{\"@type\":\"ImageObject\",\"inLanguage\":\"en-US\",\"@id\":\"https:\\\/\\\/www.pbkm.pl\\\/en#\\\/schema\\\/logo\\\/image\\\/\",\"url\":\"https:\\\/\\\/www.pbkm.pl\\\/wp-content\\\/uploads\\\/2024\\\/07\\\/Polski_Bank_Komorek_Macierzystych_logo_rgb-scaled.webp\",\"contentUrl\":\"https:\\\/\\\/www.pbkm.pl\\\/wp-content\\\/uploads\\\/2024\\\/07\\\/Polski_Bank_Komorek_Macierzystych_logo_rgb-scaled.webp\",\"width\":2560,\"height\":546,\"caption\":\"PBKM - Polski Bank Kom\u00f3rek Macierzystych\"},\"image\":{\"@id\":\"https:\\\/\\\/www.pbkm.pl\\\/en#\\\/schema\\\/logo\\\/image\\\/\"}}]}<\/script>\n<!-- \/ Yoast SEO plugin. -->","yoast_head_json":{"title":"Foundations - PBKM","robots":{"index":"index","follow":"follow","max-snippet":"max-snippet:-1","max-image-preview":"max-image-preview:large","max-video-preview":"max-video-preview:-1"},"canonical":"https:\/\/www.pbkm.pl\/en\/foundations","og_locale":"en_US","og_type":"article","og_title":"Foundations - PBKM","og_url":"https:\/\/www.pbkm.pl\/en\/foundations","og_site_name":"PBKM","twitter_card":"summary_large_image","schema":{"@context":"https:\/\/schema.org","@graph":[{"@type":"WebPage","@id":"https:\/\/www.pbkm.pl\/en\/foundations","url":"https:\/\/www.pbkm.pl\/en\/foundations","name":"Foundations - PBKM","isPartOf":{"@id":"https:\/\/www.pbkm.pl\/en#website"},"datePublished":"2024-06-12T13:23:35+00:00","breadcrumb":{"@id":"https:\/\/www.pbkm.pl\/en\/foundations#breadcrumb"},"inLanguage":"en-US","potentialAction":[{"@type":"ReadAction","target":["https:\/\/www.pbkm.pl\/en\/foundations"]}]},{"@type":"BreadcrumbList","@id":"https:\/\/www.pbkm.pl\/en\/foundations#breadcrumb","itemListElement":[{"@type":"ListItem","position":1,"name":"Main page","item":"https:\/\/www.pbkm.pl\/en"},{"@type":"ListItem","position":2,"name":"Foundations"}]},{"@type":"WebSite","@id":"https:\/\/www.pbkm.pl\/en#website","url":"https:\/\/www.pbkm.pl\/en","name":"PBKM","description":"","publisher":{"@id":"https:\/\/www.pbkm.pl\/en#organization"},"potentialAction":[{"@type":"SearchAction","target":{"@type":"EntryPoint","urlTemplate":"https:\/\/www.pbkm.pl\/en?s={search_term_string}"},"query-input":{"@type":"PropertyValueSpecification","valueRequired":true,"valueName":"search_term_string"}}],"inLanguage":"en-US"},{"@type":"Organization","@id":"https:\/\/www.pbkm.pl\/en#organization","name":"PBKM - Polski Bank Kom\u00f3rek Macierzystych","url":"https:\/\/www.pbkm.pl\/en","logo":{"@type":"ImageObject","inLanguage":"en-US","@id":"https:\/\/www.pbkm.pl\/en#\/schema\/logo\/image\/","url":"https:\/\/www.pbkm.pl\/wp-content\/uploads\/2024\/07\/Polski_Bank_Komorek_Macierzystych_logo_rgb-scaled.webp","contentUrl":"https:\/\/www.pbkm.pl\/wp-content\/uploads\/2024\/07\/Polski_Bank_Komorek_Macierzystych_logo_rgb-scaled.webp","width":2560,"height":546,"caption":"PBKM - Polski Bank Kom\u00f3rek Macierzystych"},"image":{"@id":"https:\/\/www.pbkm.pl\/en#\/schema\/logo\/image\/"}}]}},"acf":[],"_links":{"self":[{"href":"https:\/\/www.pbkm.pl\/en\/wp-json\/wp\/v2\/pages\/8239","targetHints":{"allow":["GET"]}}],"collection":[{"href":"https:\/\/www.pbkm.pl\/en\/wp-json\/wp\/v2\/pages"}],"about":[{"href":"https:\/\/www.pbkm.pl\/en\/wp-json\/wp\/v2\/types\/page"}],"author":[{"embeddable":true,"href":"https:\/\/www.pbkm.pl\/en\/wp-json\/wp\/v2\/users\/1"}],"replies":[{"embeddable":true,"href":"https:\/\/www.pbkm.pl\/en\/wp-json\/wp\/v2\/comments?post=8239"}],"version-history":[{"count":0,"href":"https:\/\/www.pbkm.pl\/en\/wp-json\/wp\/v2\/pages\/8239\/revisions"}],"wp:attachment":[{"href":"https:\/\/www.pbkm.pl\/en\/wp-json\/wp\/v2\/media?parent=8239"}],"curies":[{"name":"wp","href":"https:\/\/api.w.org\/{rel}","templated":true}]}}