{"id":12162,"date":"2024-10-02T08:08:31","date_gmt":"2024-10-02T06:08:31","guid":{"rendered":"https:\/\/www.pbkm.pl\/regulamin"},"modified":"2024-10-02T14:52:20","modified_gmt":"2024-10-02T12:52:20","slug":"terms-and-conditions","status":"publish","type":"page","link":"https:\/\/www.pbkm.pl\/en\/conscious-parenting\/terms-and-conditions","title":{"rendered":"Terms and conditions of the \u2018Partners for Conscious Parenting\u2019 campaign"},"content":{"rendered":"\n<section class=\"hero flex flex-col justify-center bg-center bg-cover bg-no-repeat py-32 lg:py-48 mb-72 xl:mb-120 relative min-h-[20.5rem] xl:min-h-[26rem]\" style=\"background-image: url(https:\/\/www.pbkm.pl\/wp-content\/uploads\/2024\/04\/hero_bg.png)\">\n\t<div class=\"container items-center\">\n\t\t<h1 class=\"text-center text-blue max-w-[90%] md:max-w-[60%] lg:max-w-[80%] xxl:max-w-1200 mx-auto\">\n\t\t\t\t\t\t\t<span class=\"font-normal break-words\">Regulamin Akcji<\/span>\n\t\t\t\n\t\t\t\t\t\t\t<br\/>\n\t\t\t\n\t\t\t\t\t\t\t<span class=\"font-extralight break-words\">\u201ePartnerzy \u015awiadomego Rodzicielstwa\u201d<\/span>\n\t\t\t\t\t<\/h1>\n\t<\/div>\n\n\t<div class=\"absolute left-[-14rem] bottom-[-10.8rem] md:bottom-[-15.8rem] xl:bottom-[-20.3rem]\">\n\t\t<svg width=\"500\" height=\"500\" viewbox=\"0 0 500 500\" fill=\"none\" xmlns=\"http:\/\/www.w3.org\/2000\/svg\" class=\"size-180 md:size-260 xl:size-340\">\n\t\t\t<mask id=\"mask0_1511_27028\" style=\"mask-type:alpha\" maskunits=\"userSpaceOnUse\" x=\"0\" y=\"0\" width=\"500\" height=\"200\">\n\t\t\t\t<rect width=\"500\" height=\"200\" transform=\"matrix(-1 0 0 1 500 0)\" fill=\"#D9D9D9\"\/>\n\t\t\t<\/mask>\n\t\t\t<g mask=\"url(#mask0_1511_27028)\">\n\t\t\t\t<path d=\"M214.686 463.894C166.261 512.319 87.156 511.726 38.731 463.301C-9.69398 414.876 -10.2866 335.771 38.1384 287.346L287.04 38.4443C335.465 -9.98075 414.57 -9.3881 462.995 39.0369C511.42 87.4619 512.013 166.567 463.588 214.992L214.686 463.894Z\" fill=\"#FE6F20\"\/>\n\t\t\t<\/g>\n\t\t\t<path d=\"M214.404 462.612C166.377 510.639 87.7903 509.946 39.7484 461.905C-8.29344 413.863 -8.98578 335.276 39.0413 287.249L287.943 38.3476C335.97 -9.67956 414.556 -8.98719 462.598 39.0547C510.64 87.0966 511.333 165.683 463.305 213.71L214.404 462.612Z\" stroke=\"#FE6F20\" stroke-width=\"2\"\/>\n\t\t<\/svg>\n\t<\/div>\n\n\t<div class=\"absolute right-[-10rem] bottom-[-7.2rem] md:bottom-[-10.4rem] xl:bottom-[-13.6rem]\">\n\t\t<svg width=\"500\" height=\"500\" viewbox=\"0 0 500 500\" fill=\"none\" xmlns=\"http:\/\/www.w3.org\/2000\/svg\" class=\"size-180 md:size-260 xl:size-340\">\n\t\t\t<mask id=\"mask0_1511_27023\" style=\"mask-type:alpha\" maskunits=\"userSpaceOnUse\" x=\"0\" y=\"0\" width=\"500\" height=\"300\">\n\t\t\t\t<rect width=\"500\" height=\"300\" fill=\"#D9D9D9\"\/>\n\t\t\t<\/mask>\n\t\t\t<g mask=\"url(#mask0_1511_27023)\">\n\t\t\t\t<path d=\"M285.622 36.4146C334.047 -12.0104 413.069 -11.5011 461.494 36.9239C509.919 85.349 510.429 164.371 462.004 212.796L213.102 461.697C164.677 510.122 85.6552 509.613 37.2302 461.188C-11.1948 412.763 -11.7041 333.741 36.7209 285.316L285.622 36.4146Z\" fill=\"#1560DA\"\/>\n\t\t\t<\/g>\n\t\t\t<path d=\"M285.596 37.3883C333.623 -10.6388 412.21 -9.94644 460.252 38.0955C508.293 86.1373 508.986 164.724 460.959 212.751L212.057 461.652C164.03 509.68 85.4436 508.987 37.4017 460.945C-10.6402 412.903 -11.3325 334.317 36.6946 286.29L285.596 37.3883Z\" stroke=\"#1560DA\" stroke-width=\"2\"\/>\n\t\t<\/svg>\n\t<\/div>\n<\/section>\n\n\n<section class=\"section-with-heading-and-text section-margin section-margin--small\">\n\t<div class=\"container\">\n\n\t\t\t\t\t\n\t\t\t\n    <h4   class=\"  text-blue break-words \">\n\n            \u00a7 1. POSTANOWIENIA OG\u00d3LNE\n\n    <\/h4>\n\n\t\t\n\t\t\t\t\t\t\t\t<div class=\"mt-24 xl:mt-40 xl:ml-100 space-y-24  \"><ol>\n<li>Niniejszy regulamin ( \u201eRegulamin\u201d) okre\u015bla warunki i zasady akcji dla niepublicznych gabinet\u00f3w ginekologicznych, po\u0142o\u017cniczych i ginekologiczno &#8211; po\u0142o\u017cniczych pn. \u201ePartnerzy \u015awiadomego Rodzicielstwa \u201d (\u201eAkcja\u201d), w szczeg\u00f3lno\u015bci warunki uczestnictwa, prawa i obowi\u0105zki Organizatora oraz Partner\u00f3w Akcji.<\/li>\n<li>Organizatorem Akcji jest Polski Bank Kom\u00f3rek Macierzystych sp. z.o.o. z siedzib\u0105 w Warszawie, adres: Al. Jana Paw\u0142a II, nr 29, 00-867 Warszawa, wpisany do rejestru przedsi\u0119biorc\u00f3w Krajowego Rejestru S\u0105dowego pod numerem 0001010154;, kt\u00f3rego dokumentacja przechowywana jest przez S\u0105d Rejonowy dla m. st. Warszawy w Warszawie XIII Wydzia\u0142 Gospodarczy Krajowego Rejestru S\u0105dowego, z kapita\u0142em zak\u0142adowym w wysoko\u015bci 4.669.313,50 z\u0142 op\u0142aconym w ca\u0142o\u015bci, posiadaj\u0105cym numer NIP 5252239973, (dalej: \u201eOrganizator\u201d lub \u201ePBKM\u201d).<\/li>\n<li>Regulamin Akcji oraz wszystkie bie\u017c\u0105ce informacje dotycz\u0105ce przebiegu Akcji dost\u0119pne s\u0105 na stronie internetowej pod adresem: <a href=\"https:\/\/www.pbkm.pl\/swiadome-rodzicielstwo\/regulamin\">www.pbkm.pl\/swiadome-rodzicielstwo\/regulamin<\/a> oraz w siedzibie Organizatora. Wszelkie pytania lub reklamacje dotycz\u0105ce Akcji winny by\u0107 kierowane bezpo\u015brednio do Organizatora na adres mailowy <a href=\"mailto:parnterzy@pbkm.pl\">parnterzy@pbkm.pl<\/a>.<\/li>\n<li>Udzia\u0142 w Akcji jest r\u00f3\u017cnoznaczny z wyra\u017ceniem przez Partnera zgody na postanowienia Regulaminu oraz akceptacj\u0119 opisanych w Regulaminie zasad Akcji. Bior\u0105c udzia\u0142 w Akcji Partner potwierdza, \u017ce spe\u0142nia wszystkie warunki, kt\u00f3re uprawniaj\u0105 go do udzia\u0142u w Akcji.<\/li>\n<li>Akcja przeprowadzana jest na obszarze Rzeczypospolitej Polskiej na zasadach okre\u015blonych Regulaminem.<\/li>\n<li>Akcja rozpoczyna si\u0119 w dniu 1 pa\u017adziernika 2024 r. roku i trwa przez czas nieokre\u015blony, do odwo\u0142ania.<\/li>\n<\/ol>\n<\/div>\n\t\t\n        \t<\/div>\n<\/section>\n\n\n<section class=\"section-with-heading-and-text section-margin section-margin--small\">\n\t<div class=\"container\">\n\n\t\t\t\t\t\n\t\t\t\n    <h4   class=\"  text-blue break-words \">\n\n            \u00a7 2 PARTNERZY i WARUNKI AKCJI\n\n    <\/h4>\n\n\t\t\n\t\t\t\t\t\t\t\t<div class=\"mt-24 xl:mt-40 xl:ml-100 space-y-24  \"><ol>\n<li>Uczestnictwo w Akcji jest dobrowolne.<\/li>\n<li>Akcja jest skierowana do lekarzy specjalist\u00f3w ginekolog\u00f3w i po\u0142o\u017cnych, kt\u00f3rzy maj\u0105 aktualne prawo wykonywania zawodu i prowadz\u0105 dzia\u0142alno\u015b\u0107 niepublicznych gabinet\u00f3w ginekologicznych, po\u0142o\u017cniczych i ginekologiczno &#8211; po\u0142o\u017cniczych w formie prywatnej praktyki\/jednoosobowej dzia\u0142alno\u015bci gospodarczej\/sp\u00f3\u0142ki cywilnej lub osobowej sp\u00f3\u0142ki prawa handlowego (dalej: Partnerzy) i w okresie trwania Akcji umieszcz\u0105 w uzgodnionym z Konsultantem Medycznym PBKM, widocznym dla pacjentek miejscu prowadzonej dzia\u0142alno\u015bci naklejk\u0119 adhezyjn\u0105 zgodn\u0105 z wzorem za\u0142\u0105czonym do Regulaminu (dalej: Naklejka). Naklejk\u0119\/i w oryginale Partnerowi przeka\u017ce Konsultant Medyczny PBKM, a Partner w jego obecno\u015bci umie\u015bci Naklejk\u0119\/Naklejki w wybranym miejscu. Konsultant Medyczny PBKM udokumentuje zdj\u0119ciem fakt umieszczenia Naklejki i przeka\u017ce to zdj\u0119cie z danymi Partnera do dzia\u0142u marketingu PBKM. Zdj\u0119cie stanowi podstaw\u0119 zamieszczenia danych gabinetu Partnera na stronie internetowej PBKM.<\/li>\n<li>Je\u015bli Naklejka zostanie wklejona przez Partnera bez udzia\u0142u Konsultanta Medycznego PBKM, Partner sam wykonuje zdj\u0119cie zamieszczonej Naklejki ukazuj\u0105ce perspektyw\u0119, potwierdzaj\u0105ce, \u017ce Naklejka zosta\u0142a umieszczona w widocznym dla pacjentek miejscu i przesy\u0142a je do PBKM na adres <a href=\"mailto:partnerzy@pbkm.pl\">partnerzy@pbkm.pl<\/a> wraz z danymi swojej dzia\u0142alno\u015bci.<\/li>\n<li>Partner zobowi\u0105zuje si\u0119 do utrzymania Naklejki w czasie trwania Akcji w miejscu jej wklejenia, co b\u0119dzie weryfikowane przez Konsultant\u00f3w Medycznych podczas cyklicznych wizyt partnerskich.<\/li>\n<li>W zamian za umieszczenie Naklejki zgodnie z wymogami Regulaminu i utrzymywanie jej w czasie trwania Akcji, PBKM zamie\u015bci dane o dzia\u0142alno\u015bci Partnera tj. imi\u0119, nazwisko, nazw\u0119 gabinetu oraz specjalizacj\u0119, adres wykonywanej dzia\u0142alno\u015bci oraz ewentualny link do strony internetowej gabinetu, w kt\u00f3ry Partner pracuje na stronie internetowej PBKM pod adresem <a href=\"https:\/\/www.pbkm.pl\/gabinety-ginekologiczne\">https:\/\/www.pbkm.pl\/gabinety-ginekologiczne<\/a><\/li>\n<li>Je\u015bli Naklejka zostanie usuni\u0119ta lub b\u0119dzie zamieszczona w miejscu niewidocznym dla pacjentek, Konsultant Medyczny przeka\u017ce tak\u0105 informacj\u0119 do dzia\u0142u marketingu PBKM, a PBKM usunie dane gabinetu Partnera ze strony internetowej.<\/li>\n<li>PBKM ma prawo do weryfikacji informacji o prowadzonej przez Partnera dzia\u0142alno\u015bci. Je\u015bli dane Partnera oka\u017c\u0105 si\u0119 nieprawid\u0142owe PBKM odm\u00f3wi publikacji danych Partnera na stronie internetowej do czasu potwierdzenia prawid\u0142owych danych.<\/li>\n<\/ol>\n<\/div>\n\t\t\n        \t<\/div>\n<\/section>\n\n\n<section class=\"section-with-heading-and-text section-margin section-margin--small\">\n\t<div class=\"container\">\n\n\t\t\t\t\t\n\t\t\t\n    <h4   class=\"  text-blue break-words \">\n\n            \u00a7 3. O\u015aWIADCZENIA PARTNERA , PRZETWARZANIE DANYCH OSOBOWYCH\n\n    <\/h4>\n\n\t\t\n\t\t\t\t\t\t\t\t<div class=\"mt-24 xl:mt-40 xl:ml-100 space-y-24  \"><ol>\n<li>Partner zamieszczaj\u0105c Naklejk\u0119 potwierdza zapoznanie si\u0119 z Regulaminem i wyra\u017ca zgod\u0119 na publikacj\u0119 informacji o prowadzonej przez niego dzia\u0142alno\u015bci i wyra\u017ca zgod\u0119 na publikacj\u0119 i przetwarzanie jego danych osobowych w celach okre\u015blonych Regulaminem.<\/li>\n<li>Administratorem danych przetwarzanych na potrzeby przeprowadzenia Akcji jest Organizator. Kontakt z administratorem mo\u017cliwy jest pod adresem korespondencyjnym: Al. Jana Paw\u0142a II 29, 00-867 Warszawa. W sprawach zwi\u0105zanych z przetwarzaniem danych osobowych mo\u017cliwy jest kontakt z Inspektorem Ochrony Danych pod adresem: inspektor@pbkm.pl. Dane osobowe Partnera b\u0119d\u0105 przetwarzane w celu zorganizowania i przeprowadzenia Akcji, zamieszczenia danych Partnera na stronie internetowej Organizatora na podstawie uzasadnionego interesu Organizatora, tj. art. 6 ust. 1. lit. f) Rozporz\u0105dzenia Parlamentu Europejskiego i Rady (UE) 2016\/679 UE (dalej: \u201eRODO\u201d) oraz na podstawie zgody Partnera, tj. art. 6 ust. 1 lit. a) RODO. Dane osobowe b\u0119d\u0105 przetwarzane przez okres trwania Akcji, a takz\u0307e przechowywane do momentu przedawnienia ewentualnych roszczen\u0301 lub wygas\u0301ni\u0119cia obowi\u0105zku archiwizacji danych wynikaj\u0105cego z przepis\u00f3w prawa lub do wycofania zgody Partnera. Partner ma nast\u0119puj\u0105ce prawa zwi\u0105zane z przetwarzaniem jego danych osobowych przez Organizatora: 1. prawo dost\u0119pu do tres\u0301ci danych (art. 15 RODO); 2. prawo do z\u0307\u0105dania sprostowania danych (art. 16 RODO); 3. prawo do z\u0307\u0105dania usuni\u0119cia danych (art. 17 RODO); 4. prawo do z\u0307\u0105dania ograniczenia przetwarzania danych (art. 18 RODO); 5. prawo do przenoszenia danych (art. 20 RODO); 6. Prawo do wniesienia sprzeciwu (art. 21 RODO) 1. prawo do cofni\u0119cia zgody na przetwarzanie danych osobowych bez wp\u0142ywu na zgodnos\u0301c\u0301 z prawem przetwarzania, kt\u00f3rego dokonano na podstawie zgody przed jej cofni\u0119ciem (art. 13 ust. RODO); 2. prawo do wniesienia skargi do organu nadzorczego (Prezesa Urz\u0119du Ochrony Danych Osobowych) w przypadku uznania, z\u0307e przetwarzanie danych osobowych Pani\u0105 \/ Pana dotycz\u0105cych narusza przepisy RODO (art. 13 RODO). Podanie danych osobowych jest dobrowolne, ale niezb\u0119dne do udzia\u0142u w Akcji.<\/li>\n<\/ol>\n<\/div>\n\t\t\n        \t<\/div>\n<\/section>\n\n\n<section class=\"section-with-heading-and-text section-margin section-margin--small\">\n\t<div class=\"container\">\n\n\t\t\t\t\t\n\t\t\t\n    <h4   class=\"  text-blue break-words \">\n\n            \u00a7 4. POSTANOWIENIA KO\u0143COWE\n\n    <\/h4>\n\n\t\t\n\t\t\t\t\t\t\t\t<div class=\"mt-24 xl:mt-40 xl:ml-100 space-y-24  \"><p>Organizator zastrzega sobie prawo do zmiany zasad Akcji i tres\u0301ci Regulaminu. W przypadku zmian w Regulaminie, Organizator poinformuje o tym fakcie Partner\u00f3w umieszczaj\u0105c odpowiednie informacje w Regulaminie Akcji, kt\u00f3ry przez ca\u0142y czas trwania Akcji dost\u0119pny jest pod adresem <a href=\"https:\/\/www.pbkm.pl\/swiadome-rodzicielstwo\/regulamin\">www.pbkm.pl\/swiadome-rodzicielstwo\/regulamin<\/a>. Regulamin w wersji zmienionej obowi\u0105zuje od momentu publikacji zmian. W kwestiach nieobj\u0119tych Regulaminem stosuje si\u0119 odpowiednie przepisy powszechnie obowi\u0105zuj\u0105cego prawa.<\/p>\n<\/div>\n\t\t\n        \t<\/div>\n<\/section>\n","protected":false},"excerpt":{"rendered":"","protected":false},"author":1,"featured_media":0,"parent":12168,"menu_order":0,"comment_status":"closed","ping_status":"closed","template":"","meta":{"_acf_changed":false,"inline_featured_image":false,"editor_plus_copied_stylings":"{}","footnotes":""},"class_list":["post-12162","page","type-page","status-publish","hentry"],"yoast_head":"<!-- This site is optimized with the Yoast SEO plugin v27.5 - https:\/\/yoast.com\/product\/yoast-seo-wordpress\/ -->\n<title>Terms and conditions of the \u2018Partners for Conscious Parenting\u2019 campaign - PBKM<\/title>\n<meta name=\"robots\" content=\"index, follow, max-snippet:-1, max-image-preview:large, max-video-preview:-1\" \/>\n<link rel=\"canonical\" href=\"https:\/\/www.pbkm.pl\/en\/conscious-parenting\/terms-and-conditions\" \/>\n<meta property=\"og:locale\" content=\"en_US\" \/>\n<meta property=\"og:type\" content=\"article\" \/>\n<meta property=\"og:title\" content=\"Terms and conditions of the \u2018Partners for Conscious Parenting\u2019 campaign - PBKM\" \/>\n<meta property=\"og:url\" content=\"https:\/\/www.pbkm.pl\/en\/conscious-parenting\/terms-and-conditions\" \/>\n<meta property=\"og:site_name\" content=\"PBKM\" \/>\n<meta property=\"article:modified_time\" content=\"2024-10-02T12:52:20+00:00\" \/>\n<meta name=\"twitter:card\" content=\"summary_large_image\" \/>\n<script type=\"application\/ld+json\" class=\"yoast-schema-graph\">{\"@context\":\"https:\\\/\\\/schema.org\",\"@graph\":[{\"@type\":\"WebPage\",\"@id\":\"https:\\\/\\\/www.pbkm.pl\\\/en\\\/conscious-parenting\\\/terms-and-conditions\",\"url\":\"https:\\\/\\\/www.pbkm.pl\\\/en\\\/conscious-parenting\\\/terms-and-conditions\",\"name\":\"Terms and conditions of the \u2018Partners for Conscious Parenting\u2019 campaign - PBKM\",\"isPartOf\":{\"@id\":\"https:\\\/\\\/www.pbkm.pl\\\/en#website\"},\"datePublished\":\"2024-10-02T06:08:31+00:00\",\"dateModified\":\"2024-10-02T12:52:20+00:00\",\"breadcrumb\":{\"@id\":\"https:\\\/\\\/www.pbkm.pl\\\/en\\\/conscious-parenting\\\/terms-and-conditions#breadcrumb\"},\"inLanguage\":\"en-US\",\"potentialAction\":[{\"@type\":\"ReadAction\",\"target\":[\"https:\\\/\\\/www.pbkm.pl\\\/en\\\/conscious-parenting\\\/terms-and-conditions\"]}]},{\"@type\":\"BreadcrumbList\",\"@id\":\"https:\\\/\\\/www.pbkm.pl\\\/en\\\/conscious-parenting\\\/terms-and-conditions#breadcrumb\",\"itemListElement\":[{\"@type\":\"ListItem\",\"position\":1,\"name\":\"Main page\",\"item\":\"https:\\\/\\\/www.pbkm.pl\\\/en\"},{\"@type\":\"ListItem\",\"position\":2,\"name\":\"Conscious parenting\",\"item\":\"https:\\\/\\\/www.pbkm.pl\\\/en\\\/conscious-parenting\"},{\"@type\":\"ListItem\",\"position\":3,\"name\":\"Terms and conditions of the \u2018Partners for Conscious Parenting\u2019 campaign\"}]},{\"@type\":\"WebSite\",\"@id\":\"https:\\\/\\\/www.pbkm.pl\\\/en#website\",\"url\":\"https:\\\/\\\/www.pbkm.pl\\\/en\",\"name\":\"PBKM\",\"description\":\"\",\"publisher\":{\"@id\":\"https:\\\/\\\/www.pbkm.pl\\\/en#organization\"},\"potentialAction\":[{\"@type\":\"SearchAction\",\"target\":{\"@type\":\"EntryPoint\",\"urlTemplate\":\"https:\\\/\\\/www.pbkm.pl\\\/en?s={search_term_string}\"},\"query-input\":{\"@type\":\"PropertyValueSpecification\",\"valueRequired\":true,\"valueName\":\"search_term_string\"}}],\"inLanguage\":\"en-US\"},{\"@type\":\"Organization\",\"@id\":\"https:\\\/\\\/www.pbkm.pl\\\/en#organization\",\"name\":\"PBKM - Polski Bank Kom\u00f3rek Macierzystych\",\"url\":\"https:\\\/\\\/www.pbkm.pl\\\/en\",\"logo\":{\"@type\":\"ImageObject\",\"inLanguage\":\"en-US\",\"@id\":\"https:\\\/\\\/www.pbkm.pl\\\/en#\\\/schema\\\/logo\\\/image\\\/\",\"url\":\"https:\\\/\\\/www.pbkm.pl\\\/wp-content\\\/uploads\\\/2024\\\/07\\\/Polski_Bank_Komorek_Macierzystych_logo_rgb-scaled.webp\",\"contentUrl\":\"https:\\\/\\\/www.pbkm.pl\\\/wp-content\\\/uploads\\\/2024\\\/07\\\/Polski_Bank_Komorek_Macierzystych_logo_rgb-scaled.webp\",\"width\":2560,\"height\":546,\"caption\":\"PBKM - Polski Bank Kom\u00f3rek Macierzystych\"},\"image\":{\"@id\":\"https:\\\/\\\/www.pbkm.pl\\\/en#\\\/schema\\\/logo\\\/image\\\/\"}}]}<\/script>\n<!-- \/ Yoast SEO plugin. -->","yoast_head_json":{"title":"Terms and conditions of the \u2018Partners for Conscious Parenting\u2019 campaign - PBKM","robots":{"index":"index","follow":"follow","max-snippet":"max-snippet:-1","max-image-preview":"max-image-preview:large","max-video-preview":"max-video-preview:-1"},"canonical":"https:\/\/www.pbkm.pl\/en\/conscious-parenting\/terms-and-conditions","og_locale":"en_US","og_type":"article","og_title":"Terms and conditions of the \u2018Partners for Conscious Parenting\u2019 campaign - PBKM","og_url":"https:\/\/www.pbkm.pl\/en\/conscious-parenting\/terms-and-conditions","og_site_name":"PBKM","article_modified_time":"2024-10-02T12:52:20+00:00","twitter_card":"summary_large_image","schema":{"@context":"https:\/\/schema.org","@graph":[{"@type":"WebPage","@id":"https:\/\/www.pbkm.pl\/en\/conscious-parenting\/terms-and-conditions","url":"https:\/\/www.pbkm.pl\/en\/conscious-parenting\/terms-and-conditions","name":"Terms and conditions of the \u2018Partners for Conscious Parenting\u2019 campaign - PBKM","isPartOf":{"@id":"https:\/\/www.pbkm.pl\/en#website"},"datePublished":"2024-10-02T06:08:31+00:00","dateModified":"2024-10-02T12:52:20+00:00","breadcrumb":{"@id":"https:\/\/www.pbkm.pl\/en\/conscious-parenting\/terms-and-conditions#breadcrumb"},"inLanguage":"en-US","potentialAction":[{"@type":"ReadAction","target":["https:\/\/www.pbkm.pl\/en\/conscious-parenting\/terms-and-conditions"]}]},{"@type":"BreadcrumbList","@id":"https:\/\/www.pbkm.pl\/en\/conscious-parenting\/terms-and-conditions#breadcrumb","itemListElement":[{"@type":"ListItem","position":1,"name":"Main page","item":"https:\/\/www.pbkm.pl\/en"},{"@type":"ListItem","position":2,"name":"Conscious parenting","item":"https:\/\/www.pbkm.pl\/en\/conscious-parenting"},{"@type":"ListItem","position":3,"name":"Terms and conditions of the \u2018Partners for Conscious Parenting\u2019 campaign"}]},{"@type":"WebSite","@id":"https:\/\/www.pbkm.pl\/en#website","url":"https:\/\/www.pbkm.pl\/en","name":"PBKM","description":"","publisher":{"@id":"https:\/\/www.pbkm.pl\/en#organization"},"potentialAction":[{"@type":"SearchAction","target":{"@type":"EntryPoint","urlTemplate":"https:\/\/www.pbkm.pl\/en?s={search_term_string}"},"query-input":{"@type":"PropertyValueSpecification","valueRequired":true,"valueName":"search_term_string"}}],"inLanguage":"en-US"},{"@type":"Organization","@id":"https:\/\/www.pbkm.pl\/en#organization","name":"PBKM - Polski Bank Kom\u00f3rek Macierzystych","url":"https:\/\/www.pbkm.pl\/en","logo":{"@type":"ImageObject","inLanguage":"en-US","@id":"https:\/\/www.pbkm.pl\/en#\/schema\/logo\/image\/","url":"https:\/\/www.pbkm.pl\/wp-content\/uploads\/2024\/07\/Polski_Bank_Komorek_Macierzystych_logo_rgb-scaled.webp","contentUrl":"https:\/\/www.pbkm.pl\/wp-content\/uploads\/2024\/07\/Polski_Bank_Komorek_Macierzystych_logo_rgb-scaled.webp","width":2560,"height":546,"caption":"PBKM - Polski Bank Kom\u00f3rek Macierzystych"},"image":{"@id":"https:\/\/www.pbkm.pl\/en#\/schema\/logo\/image\/"}}]}},"acf":[],"_links":{"self":[{"href":"https:\/\/www.pbkm.pl\/en\/wp-json\/wp\/v2\/pages\/12162","targetHints":{"allow":["GET"]}}],"collection":[{"href":"https:\/\/www.pbkm.pl\/en\/wp-json\/wp\/v2\/pages"}],"about":[{"href":"https:\/\/www.pbkm.pl\/en\/wp-json\/wp\/v2\/types\/page"}],"author":[{"embeddable":true,"href":"https:\/\/www.pbkm.pl\/en\/wp-json\/wp\/v2\/users\/1"}],"replies":[{"embeddable":true,"href":"https:\/\/www.pbkm.pl\/en\/wp-json\/wp\/v2\/comments?post=12162"}],"version-history":[{"count":2,"href":"https:\/\/www.pbkm.pl\/en\/wp-json\/wp\/v2\/pages\/12162\/revisions"}],"predecessor-version":[{"id":12171,"href":"https:\/\/www.pbkm.pl\/en\/wp-json\/wp\/v2\/pages\/12162\/revisions\/12171"}],"up":[{"embeddable":true,"href":"https:\/\/www.pbkm.pl\/en\/wp-json\/wp\/v2\/pages\/12168"}],"wp:attachment":[{"href":"https:\/\/www.pbkm.pl\/en\/wp-json\/wp\/v2\/media?parent=12162"}],"curies":[{"name":"wp","href":"https:\/\/api.w.org\/{rel}","templated":true}]}}