{"id":11156,"date":"2024-08-23T13:32:41","date_gmt":"2024-08-23T11:32:41","guid":{"rendered":"https:\/\/www.pbkm.pl\/?page_id=11156"},"modified":"2024-08-28T10:34:32","modified_gmt":"2024-08-28T08:34:32","slug":"terms-and-conditions","status":"publish","type":"page","link":"https:\/\/www.pbkm.pl\/en\/terms-and-conditions","title":{"rendered":"Terms and Conditions"},"content":{"rendered":"\n<section class=\"hero flex flex-col justify-center bg-center bg-cover bg-no-repeat py-32 lg:py-48 mb-72 xl:mb-120 relative min-h-[20.5rem] xl:min-h-[26rem]\" style=\"background-image: url(https:\/\/www.pbkm.pl\/wp-content\/uploads\/2024\/04\/hero_bg.png)\">\n\t<div class=\"container items-center\">\n\t\t<h1 class=\"text-center text-blue max-w-[90%] md:max-w-[60%] lg:max-w-[80%] xxl:max-w-1200 mx-auto\">\n\t\t\t\n\t\t\t\n\t\t\t\t\t\t\t<span class=\"font-extralight break-words\">Terms and Conditions<\/span>\n\t\t\t\t\t<\/h1>\n\t<\/div>\n\n\t<div class=\"absolute left-[-14rem] bottom-[-10.8rem] md:bottom-[-15.8rem] xl:bottom-[-20.3rem]\">\n\t\t<svg width=\"500\" height=\"500\" viewbox=\"0 0 500 500\" fill=\"none\" xmlns=\"http:\/\/www.w3.org\/2000\/svg\" class=\"size-180 md:size-260 xl:size-340\">\n\t\t\t<mask id=\"mask0_1511_27028\" style=\"mask-type:alpha\" maskunits=\"userSpaceOnUse\" x=\"0\" y=\"0\" width=\"500\" height=\"200\">\n\t\t\t\t<rect width=\"500\" height=\"200\" transform=\"matrix(-1 0 0 1 500 0)\" fill=\"#D9D9D9\"\/>\n\t\t\t<\/mask>\n\t\t\t<g mask=\"url(#mask0_1511_27028)\">\n\t\t\t\t<path d=\"M214.686 463.894C166.261 512.319 87.156 511.726 38.731 463.301C-9.69398 414.876 -10.2866 335.771 38.1384 287.346L287.04 38.4443C335.465 -9.98075 414.57 -9.3881 462.995 39.0369C511.42 87.4619 512.013 166.567 463.588 214.992L214.686 463.894Z\" fill=\"#FE6F20\"\/>\n\t\t\t<\/g>\n\t\t\t<path d=\"M214.404 462.612C166.377 510.639 87.7903 509.946 39.7484 461.905C-8.29344 413.863 -8.98578 335.276 39.0413 287.249L287.943 38.3476C335.97 -9.67956 414.556 -8.98719 462.598 39.0547C510.64 87.0966 511.333 165.683 463.305 213.71L214.404 462.612Z\" stroke=\"#FE6F20\" stroke-width=\"2\"\/>\n\t\t<\/svg>\n\t<\/div>\n\n\t<div class=\"absolute right-[-10rem] bottom-[-7.2rem] md:bottom-[-10.4rem] xl:bottom-[-13.6rem]\">\n\t\t<svg width=\"500\" height=\"500\" viewbox=\"0 0 500 500\" fill=\"none\" xmlns=\"http:\/\/www.w3.org\/2000\/svg\" class=\"size-180 md:size-260 xl:size-340\">\n\t\t\t<mask id=\"mask0_1511_27023\" style=\"mask-type:alpha\" maskunits=\"userSpaceOnUse\" x=\"0\" y=\"0\" width=\"500\" height=\"300\">\n\t\t\t\t<rect width=\"500\" height=\"300\" fill=\"#D9D9D9\"\/>\n\t\t\t<\/mask>\n\t\t\t<g mask=\"url(#mask0_1511_27023)\">\n\t\t\t\t<path d=\"M285.622 36.4146C334.047 -12.0104 413.069 -11.5011 461.494 36.9239C509.919 85.349 510.429 164.371 462.004 212.796L213.102 461.697C164.677 510.122 85.6552 509.613 37.2302 461.188C-11.1948 412.763 -11.7041 333.741 36.7209 285.316L285.622 36.4146Z\" fill=\"#1560DA\"\/>\n\t\t\t<\/g>\n\t\t\t<path d=\"M285.596 37.3883C333.623 -10.6388 412.21 -9.94644 460.252 38.0955C508.293 86.1373 508.986 164.724 460.959 212.751L212.057 461.652C164.03 509.68 85.4436 508.987 37.4017 460.945C-10.6402 412.903 -11.3325 334.317 36.6946 286.29L285.596 37.3883Z\" stroke=\"#1560DA\" stroke-width=\"2\"\/>\n\t\t<\/svg>\n\t<\/div>\n<\/section>\n\n\n<section class=\"section-with-heading-and-text section-margin section-margin--small\">\n\t<div class=\"container\">\n\n\t\t\t\t\t\n\t\t\t\n    <h2   class=\"  text-blue break-words \">\n\n            PORTAL TERMS AND CONDITIONS\n\n    <\/h2>\n\n\t\t\n\t\t\t\t\t\t\t\t<div class=\"mt-24 xl:mt-40 xl:ml-100 space-y-24  \"><p>The Owner of the Portal available at:\u00a0<a href=\"https:\/\/klient.pbkm.pl\/\" target=\"_blank\" rel=\"nofollow noopener noreferrer ugc\">https:\/\/klient.pbkm.pl\/<\/a> is Polski Bank Kom\u00f3rek Macierzystych Sp. z o. o. with its registered seat in Warsaw at Al. Jana Paw\u0142a II 29, 00-867 Warsaw, entered into the Register of Entrepreneurs of the National Court Register maintained by the District Court for the Capital City of Warsaw, 12th Commercial Division of the National Court Register, under the KRS number: 0000166106, National Official Business Register Number (REGON): 017452559, Tax Identification Number (NIP): 5252239973 share capital PLN 4.669.350,00.<\/p>\n<\/div>\n\t\t\n        \t<\/div>\n<\/section>\n\n\n<section class=\"section-with-heading-and-text section-margin section-margin--small\">\n\t<div class=\"container\">\n\n\t\t\t\t\t\n\t\t\t\n    <h4   class=\"  text-blue break-words \">\n\n            I. Definitions, initial provisions\n\n    <\/h4>\n\n\t\t\n\t\t\t\t\t\t\t\t<div class=\"mt-24 xl:mt-40 xl:ml-100 space-y-24  \"><p>1.\u00a0Definitions<\/p>\n<p>a)\u00a0<strong>Terms and Conditions\u00a0<\/strong>\u2013 these Portal Terms and Conditions, determining the terms for providing services through the Portal.<\/p>\n<p>b)\u00a0<strong>PBKM<\/strong> \u2013 Polski Bank Kom\u00f3rek Macierzystych Sp. z o.o. with its registered seat in Warsaw, providing services consisting in the qualification, preparation and storage of Biological Material.<\/p>\n<p>c)\u00a0<strong>FamiCord Suisse<\/strong>\u00a0\u2013 a\u00a0joint-stock company incorporated under Swiss law, offering its Customers the option to store Biological Material in Switzerland under the terms and conditions of the SwissSafety package and concluding a\u00a0Suisse Contract with them.<\/p>\n<p>d)\u00a0<strong>Contract<\/strong>\u00a0\u2013 the Biological Material qualification, preparation and storage contract, generated as a\u00a0result of the Customer\u2019s confirmation of their order for PBKM services, stipulating the terms for the services to be provided by PBKM, as well as the rights and obligations of the parties. The text of the Contract is available at\u00a0<a href=\"https:\/\/pbkm.empressia.dev\/oferta\/dokumenty\">https:\/\/www.pbkm.pl\/oferta\/dokumenty<\/a>\u00a0and the Customer Contract is generated after final confirmation of the order and shall be available in the My PBKM Customer Panel.<\/p>\n<p>e)\u00a0<strong>Suisse Contract<\/strong>\u00a0\u2013 an Additional Service; Biological Material storage contract concluded by and between FamiCord Suisse and a\u00a0Customer via the Portal, provided that the qualification criteria set forth in the SwissSafety package have been met, i.e. if the Biological Material is eligible for storage.<\/p>\n<p>f)\u00a0<strong>Order<\/strong>\u00a0\u2013 the order for services, constituting the grounds for the provision thereof, drafted based on the data entered by the Customer. It constitutes the grounds for activating the Contract and Additional Services.<\/p>\n<p>g)\u00a0<strong>Customer<\/strong>\u00a0\u2013 a\u00a0parent \u2013 the person(s) acting as the party to the Contract and accepting the Terms and Conditions, as well as the terms for providing the services offered via the Portal.<\/p>\n<p>h)\u00a0<strong>Portal<\/strong>\u00a0\u2013 the online store owned by PBKM, provided at\u00a0<a href=\"https:\/\/klient.pbkm.pl\/\">https:\/\/klient.pbkm.pl\/<\/a>, governed by these Terms and Conditions.<\/p>\n<p>i)\u00a0<strong>Contract Conclusion Date<\/strong>\u00a0\u2013 the date on which the order is confirmed by PBKM and the documents for the Contract and selected Additional Services are generated (except for the SwissSafety package, where the date of concluding the contract with FamiCord Suisse is determined at a\u00a0later date).<\/p>\n<p>j)\u00a0<strong>My PBKM Customer Panel<\/strong>\u00a0\u2013 panel granting access to the generated documents \u2013 Contract, Suisse Contract, settlement documents, amendments, preliminary qualification results.<\/p>\n<p>k)\u00a0<strong>Additional Services<\/strong>\u00a0\u2013 services offered through the Portal by third parties or PBKM in cooperation with third parties upon conclusion of the Contract or irrespective of the Contract. The scope of Additional Services is available at\u00a0<a href=\"https:\/\/pbkm.empressia.dev\/oferta\/uslugi-dodatkowe\/\">https:\/\/www.pbkm.pl\/oferta\/uslugi-dodatkowe\/<\/a>.<\/p>\n<p>2. Placing an order is equivalent to confirming the review of the Terms and Conditions and their full acceptance.<\/p>\n<p>3.\u00a0A pregnant woman, acting either alone or with the father-to-be, who have an e-mail account and full capacity to enter into legal transactions, may become a\u00a0Customer.<\/p>\n<p>4. The Contract and confirmation of the order for Additional Services, including a\u00a0FamiCord Suisse Contract, shall be concluded under Polish law and in Polish.<\/p>\n<p>5. Accepting the Terms and Conditions is equivalent to granting consent for using means of electronic communication to send documents confirming the conclusion of the Contract.<\/p>\n<p>6. The My PBKM Customer Panel is activated by providing the Customer with a\u00a0login (e-mail address indicated by the Customer) and a\u00a0password assigned to the login to allow using the Portal and the functionality of the My PBKM Customer Panel. In order to sign in, the Customer will have to enter an authorization code, received from the Portal via a\u00a0text message separately for each sign-in.<\/p>\n<p>7. The password is an alphanumeric or numeric sequence of characters used to identify the Customer. The password consists of at least 8 and up to 30 alphanumeric characters (numbers and letters). At least one number and one upper-case letter and one special character (i.e. ~ ! @ # % ^ &amp; * ( ) _ + = &#8211; ; , . \/ &lt; &gt; ? [ ] { }) is required. The password must not contain Polish diacritics (\u0119, \u0105, \u0142, etc.). Note! The system is case-sensitive.<\/p>\n<p>8. The Customer shall be required to secure the login and the password against unauthorized access. The Customer shall be fully responsible for any consequences of the My PBKM Customer Panel being accessed by third parties that come into possession of the Customer\u2019s login and password in any way.<\/p>\n<p>9. Where all the concluded contracts in the Customer Panel have the \u201cinactive\u201d status, access to My PBKM Customer Panel shall be blocked within 30 days from the termination date of the last active Contract.<\/p>\n<p>10. Requirements for the proper operation of the Portal include a\u00a0current Internet browser version, supported by the browser vendor, compatible with the HTML 4.0 standard or newer, accepting cookies and supporting JavaScript.<\/p>\n<p>11. The Portal Terms and Conditions are available at\u00a0<a href=\"https:\/\/klient.pbkm.pl\/regulamin\">https:\/\/klient.pbkm.pl\/regulamin<\/a>, may be reviewed at every step during the Order processing sequence and at the office of PBKM.<\/p>\n<\/div>\n\t\t\n        \t<\/div>\n<\/section>\n\n\n<section class=\"section-with-heading-and-text section-margin section-margin--small\">\n\t<div class=\"container\">\n\n\t\t\t\t\t\n\t\t\t\n    <h4   class=\"  text-blue break-words \">\n\n            II. Customer\u2019s Personal Data\n\n    <\/h4>\n\n\t\t\n\t\t\t\t\t\t\t\t<div class=\"mt-24 xl:mt-40 xl:ml-100 space-y-24  \"><p>1. PBKM shall be the Controller of Personal Data processed for the purpose of concluding and performing the Contract, as well as for archiving and statistical purposes. The Customer shall be required to mark the relevant consents within the Portal in order to enable fulfillment of the Order.<\/p>\n<p>2. Should the SwissSafety package be chosen and a\u00a0Contract be concluded with FamiCord Suisse, FamiCord Suisse shall become the Controller of Personal Data processed for the purpose of concluding and performing the Contract, as well as for archiving and statistical purposes.<\/p>\n<p>3. Collected data shall be processed for the purpose of PBKM providing its Services or Additional Services. Provision of personal data is voluntary, yet necessary to use services. The Customer has the right to access and rectify their personal data. Personal data may be disclosed to the third party that provides professional maintenance and hosting for the Portal; for that purpose PBKM shall enter into a\u00a0personal data processing contract with the third party.<\/p>\n<p>4. As regards the Additional Services, parties providing those services may act as the data controllers, in accordance with the relevant notices included in documents confirming the selection of Additional Services. As regards payments made via the PayU website, the Controller of Personal Data (name, surname, address, payment amount) shall be the PayU website \u2013 the operator of the system that enables payments for online transactions to be made by means of electronic funds transfers, traditional wire transfers and electronic payment instruments &#8211;\u00a0<strong>PAYU S.A.\u00a0<\/strong>with its registered seat in Pozna\u0144 (ul. Grunwaldzka 182, 60-166 Pozna\u0144), KRS number 0000274399, Tax Identification Number (NIP): 7792308495.<\/p>\n<p>5. The Customer shall be required to update their personal and contact data electronically by sending an e-mail to PBKM at\u00a0<a href=\"mailto:biuro@pbkm.pl\">biuro@pbkm.pl<\/a>\u00a0or by signing in to the My PBKM Customer Panel in the Portal.<\/p>\n<p>6. Detailed information on the processing of data is included in the Privacy Policy available at\u00a0<a href=\"https:\/\/pbkm.empressia.dev\/polityka-prywatnosci.\">https:\/\/www.pbkm.pl\/polityka-prywatnosci.<\/a><\/p>\n<\/div>\n\t\t\n        \t<\/div>\n<\/section>\n\n\n<section class=\"section-with-heading-and-text section-margin section-margin--small\">\n\t<div class=\"container\">\n\n\t\t\t\t\t\n\t\t\t\n    <h4   class=\"  text-blue break-words \">\n\n            III. Registration procedure for the My PBKM Customer Panel and Orders\n\n    <\/h4>\n\n\t\t\n\t\t\t\t\t\t\t\t<div class=\"mt-24 xl:mt-40 xl:ml-100 space-y-24  \"><p>1. Contract conclusion orders are received through the Portal 24\u00a0hours per day, all throughout the year, excluding any service interruptions caused by Portal maintenance.<\/p>\n<p>2. An Order shall be considered to have been placed correctly if the Customer provided correct data, gave their relevant necessary consents and configured their choice according to the guidelines displayed each time in the Customer account or during the purchase procedure.<\/p>\n<p>3. After placing an Order, the Customer is required to pay an initial fee in the indicated amount within two days.<\/p>\n<p>4. Incomplete orders or those causing any concerns will be manually verified by the Portal support team. Such an Order may be cancelled, which will be communicated to the would-be Customer by phone or by e-mail within no more than three working days from the date of placing an Order.<\/p>\n<p>5. PBKM shall confirm an order with the Customer by e-mail or by phone within no more than three working days.<\/p>\n<p>6. Important terms and conditions of the Contract are recorded, secured and shared by sending to the Customer the Contract that has been concluded via electronic means and the documents confirming selection of Additional services. If the Customer wishes to receive documents in paper format, which is to be indicated in the relevant statement, they shall be required to make an appropriate payment.<\/p>\n<p>7. An Order shall not be fulfilled in the following situations:<\/p>\n<p>a) the Customer provided incorrect or false data when placing the Order,<\/p>\n<p>b) the Customer cannot be contacted at the telephone number or e-mail address provided in the Order,<\/p>\n<p>c) the Customer has incorrectly placed the Order,<\/p>\n<p>d) it is considered that the Customer is acting in violation of the commonly applicable legal provisions or abuses power resulting from these provisions, including, but not limited to: hacking, using another person\u2019s identification data or impersonating another person when placing the Order.<\/p>\n<p>e) the Customer failed to pay the initial fee within two days from the Contract conclusion date.<\/p>\n<\/div>\n\t\t\n        \t<\/div>\n<\/section>\n\n\n<section class=\"section-with-heading-and-text section-margin section-margin--small\">\n\t<div class=\"container\">\n\n\t\t\t\t\t\n\t\t\t\n    <h4   class=\"  text-blue break-words \">\n\n            IV. Settlements for services ordered and performed\n\n    <\/h4>\n\n\t\t\n\t\t\t\t\t\t\t\t<div class=\"mt-24 xl:mt-40 xl:ml-100 space-y-24  \"><p>1. The full amount due for the Order shall be presented in the summary for each Order and generated in the table within the body of the Contract and Suisse Contract and shall also be presented during the Additional Services ordering process. The price presented constitutes the gross cost; PBKM may however charge additional fees where the Customer selects to receive documents in paper format (the fee amount shall be in accordance with the contents of the Customer\u2019s statements).<\/p>\n<p>2. The first initial fee payment shall be made within two days from the Contract conclusion date. Further payments shall be confirmed by means of VAT invoices sent to the Customer in electronic format to the e-mail address provided and shall be made available in the My PBKM Customer Panel (the Customer shall also receive a\u00a0link to the generated invoice via e-mail) or in paper format for an additional fee, if the Customer marks the relevant statement. Payments may be made using the PayU website through the My PBKM Customer Panel in the Portal or by wire transfer.<\/p>\n<\/div>\n\t\t\n        \t<\/div>\n<\/section>\n\n\n<section class=\"section-with-heading-and-text section-margin section-margin--small\">\n\t<div class=\"container\">\n\n\t\t\t\t\t\n\t\t\t\n    <h4   class=\"  text-blue break-words \">\n\n            V. Withdrawal from the Contract\n\n    <\/h4>\n\n\t\t\n\t\t\t\t\t\t\t\t<div class=\"mt-24 xl:mt-40 xl:ml-100 space-y-24  \"><p>1. The Customer has the right to withdraw from the Contract and Additional Services in writing and without stating a\u00a0reason within 14\u00a0days from the Contract conclusion date. A\u00a0statement on withdrawal from the Contract shall be sent in writing by registered mail to: PBKM, Aleja Jana Paw\u0142a II 29, 00-867 Warszawa.<\/p>\n<p>2. PBKM guarantees a\u00a0refund of the initial fee amount within 14 working days to the bank account from which the payment was initiated or the bank account indicated by the Customer, without charging any additional costs to the Customer.<\/p>\n<p>3. If Biological Material was collected or any Additional Service was performed between the date of concluding the Contract and the 14-days\u2019 deadline for withdrawal, PBKM shall not reimburse the initial fee amount and the Parents shall refund to PBKM the cost of testing, preparation and freezing the Biological Material, if any such procedures or Additional Services have already been performed.<\/p>\n<\/div>\n\t\t\n        \t<\/div>\n<\/section>\n\n\n<section class=\"section-with-heading-and-text section-margin section-margin--small\">\n\t<div class=\"container\">\n\n\t\t\t\t\t\n\t\t\t\n    <h4   class=\"  text-blue break-words \">\n\n            VI. Communication, complaints\n\n    <\/h4>\n\n\t\t\n\t\t\t\t\t\t\t\t<div class=\"mt-24 xl:mt-40 xl:ml-100 space-y-24  \"><p>1. Any communication regarding the Portal, My PBKM Customer Panel and performance of the Contract concluded with PBKM, as well as the Contract concluded with FamiCord Suisse may be transmitted by one of the following means:<\/p>\n<p>a) via e-mail to\u00a0<a href=\"mailto:biuro@pbkm.pl\">biuro@pbkm.pl<\/a><\/p>\n<p>b) by phone at +48\u00a022\u00a0436\u00a040\u00a050 or +48\u00a0608\u00a0200\u00a0777 from Monday to Friday during office working hours. Working hours are available on the website\u00a0<a href=\"https:\/\/pbkm.empressia.dev\/kontakt\/zadzwon-do-nas\">https:\/\/www.pbkm.pl\/kontakt\/zadzwon-do-nas<\/a><\/p>\n<p>2. Complaints shall be received by e-mail at\u00a0<a href=\"mailto:biuro@pbkm.pl\">biuro@pbkm.pl<\/a>\u00a0or in writing at the address of PBKM\u2019s seat: Aleja Jana Paw\u0142a II 29, 00-867 Warszawa, marked as: COMPLAINT and shall be submitted within 14\u00a0days from the date of the reason of the submitted complaint.<\/p>\n<\/div>\n\t\t\n        \t<\/div>\n<\/section>\n\n\n<section class=\"section-with-heading-and-text section-margin section-margin--small\">\n\t<div class=\"container\">\n\n\t\t\t\t\t\n\t\t\t\n    <h4   class=\"  text-blue break-words \">\n\n            VII. Final provisions\n\n    <\/h4>\n\n\t\t\n\t\t\t\t\t\t\t\t<div class=\"mt-24 xl:mt-40 xl:ml-100 space-y-24  \"><p>1. PBKM reserves the right to introduce changes to the Terms and Conditions. Updated Terms and Conditions shall be available for all Portal users on the website at\u00a0<a href=\"https:\/\/klient.pbkm.pl\/regulamin\">https:\/\/klient.pbkm.pl\/regulamin<\/a>.<\/p>\n<p>2. The updated Terms and Conditions shall enter into force as of the moment of their publication on the Portal website.<\/p>\n<\/div>\n\t\t\n        \t<\/div>\n<\/section>\n","protected":false},"excerpt":{"rendered":"","protected":false},"author":1,"featured_media":0,"parent":0,"menu_order":0,"comment_status":"closed","ping_status":"closed","template":"","meta":{"_acf_changed":false,"inline_featured_image":false,"editor_plus_copied_stylings":"{}","footnotes":""},"class_list":["post-11156","page","type-page","status-publish","hentry"],"yoast_head":"<!-- This site is optimized with the Yoast SEO plugin v27.3 - https:\/\/yoast.com\/product\/yoast-seo-wordpress\/ -->\n<title>Terms and Conditions - PBKM<\/title>\n<meta name=\"robots\" content=\"index, follow, max-snippet:-1, max-image-preview:large, max-video-preview:-1\" \/>\n<link rel=\"canonical\" href=\"https:\/\/www.pbkm.pl\/en\/terms-and-conditions\" \/>\n<meta property=\"og:locale\" content=\"en_US\" \/>\n<meta property=\"og:type\" content=\"article\" \/>\n<meta property=\"og:title\" content=\"Terms and Conditions - PBKM\" \/>\n<meta property=\"og:url\" content=\"https:\/\/www.pbkm.pl\/en\/terms-and-conditions\" \/>\n<meta property=\"og:site_name\" content=\"PBKM\" \/>\n<meta property=\"article:modified_time\" content=\"2024-08-28T08:34:32+00:00\" \/>\n<meta name=\"twitter:card\" content=\"summary_large_image\" \/>\n<script type=\"application\/ld+json\" class=\"yoast-schema-graph\">{\"@context\":\"https:\\\/\\\/schema.org\",\"@graph\":[{\"@type\":\"WebPage\",\"@id\":\"https:\\\/\\\/www.pbkm.pl\\\/en\\\/terms-and-conditions\",\"url\":\"https:\\\/\\\/www.pbkm.pl\\\/en\\\/terms-and-conditions\",\"name\":\"Terms and Conditions - PBKM\",\"isPartOf\":{\"@id\":\"https:\\\/\\\/www.pbkm.pl\\\/en#website\"},\"datePublished\":\"2024-08-23T11:32:41+00:00\",\"dateModified\":\"2024-08-28T08:34:32+00:00\",\"breadcrumb\":{\"@id\":\"https:\\\/\\\/www.pbkm.pl\\\/en\\\/terms-and-conditions#breadcrumb\"},\"inLanguage\":\"en-US\",\"potentialAction\":[{\"@type\":\"ReadAction\",\"target\":[\"https:\\\/\\\/www.pbkm.pl\\\/en\\\/terms-and-conditions\"]}]},{\"@type\":\"BreadcrumbList\",\"@id\":\"https:\\\/\\\/www.pbkm.pl\\\/en\\\/terms-and-conditions#breadcrumb\",\"itemListElement\":[{\"@type\":\"ListItem\",\"position\":1,\"name\":\"Main page\",\"item\":\"https:\\\/\\\/www.pbkm.pl\\\/en\"},{\"@type\":\"ListItem\",\"position\":2,\"name\":\"Terms and Conditions\"}]},{\"@type\":\"WebSite\",\"@id\":\"https:\\\/\\\/www.pbkm.pl\\\/en#website\",\"url\":\"https:\\\/\\\/www.pbkm.pl\\\/en\",\"name\":\"PBKM\",\"description\":\"\",\"publisher\":{\"@id\":\"https:\\\/\\\/www.pbkm.pl\\\/en#organization\"},\"potentialAction\":[{\"@type\":\"SearchAction\",\"target\":{\"@type\":\"EntryPoint\",\"urlTemplate\":\"https:\\\/\\\/www.pbkm.pl\\\/en?s={search_term_string}\"},\"query-input\":{\"@type\":\"PropertyValueSpecification\",\"valueRequired\":true,\"valueName\":\"search_term_string\"}}],\"inLanguage\":\"en-US\"},{\"@type\":\"Organization\",\"@id\":\"https:\\\/\\\/www.pbkm.pl\\\/en#organization\",\"name\":\"PBKM - Polski Bank Kom\u00f3rek Macierzystych\",\"url\":\"https:\\\/\\\/www.pbkm.pl\\\/en\",\"logo\":{\"@type\":\"ImageObject\",\"inLanguage\":\"en-US\",\"@id\":\"https:\\\/\\\/www.pbkm.pl\\\/en#\\\/schema\\\/logo\\\/image\\\/\",\"url\":\"https:\\\/\\\/www.pbkm.pl\\\/wp-content\\\/uploads\\\/2024\\\/07\\\/Polski_Bank_Komorek_Macierzystych_logo_rgb-scaled.webp\",\"contentUrl\":\"https:\\\/\\\/www.pbkm.pl\\\/wp-content\\\/uploads\\\/2024\\\/07\\\/Polski_Bank_Komorek_Macierzystych_logo_rgb-scaled.webp\",\"width\":2560,\"height\":546,\"caption\":\"PBKM - Polski Bank Kom\u00f3rek Macierzystych\"},\"image\":{\"@id\":\"https:\\\/\\\/www.pbkm.pl\\\/en#\\\/schema\\\/logo\\\/image\\\/\"}}]}<\/script>\n<!-- \/ Yoast SEO plugin. -->","yoast_head_json":{"title":"Terms and Conditions - PBKM","robots":{"index":"index","follow":"follow","max-snippet":"max-snippet:-1","max-image-preview":"max-image-preview:large","max-video-preview":"max-video-preview:-1"},"canonical":"https:\/\/www.pbkm.pl\/en\/terms-and-conditions","og_locale":"en_US","og_type":"article","og_title":"Terms and Conditions - PBKM","og_url":"https:\/\/www.pbkm.pl\/en\/terms-and-conditions","og_site_name":"PBKM","article_modified_time":"2024-08-28T08:34:32+00:00","twitter_card":"summary_large_image","schema":{"@context":"https:\/\/schema.org","@graph":[{"@type":"WebPage","@id":"https:\/\/www.pbkm.pl\/en\/terms-and-conditions","url":"https:\/\/www.pbkm.pl\/en\/terms-and-conditions","name":"Terms and Conditions - PBKM","isPartOf":{"@id":"https:\/\/www.pbkm.pl\/en#website"},"datePublished":"2024-08-23T11:32:41+00:00","dateModified":"2024-08-28T08:34:32+00:00","breadcrumb":{"@id":"https:\/\/www.pbkm.pl\/en\/terms-and-conditions#breadcrumb"},"inLanguage":"en-US","potentialAction":[{"@type":"ReadAction","target":["https:\/\/www.pbkm.pl\/en\/terms-and-conditions"]}]},{"@type":"BreadcrumbList","@id":"https:\/\/www.pbkm.pl\/en\/terms-and-conditions#breadcrumb","itemListElement":[{"@type":"ListItem","position":1,"name":"Main page","item":"https:\/\/www.pbkm.pl\/en"},{"@type":"ListItem","position":2,"name":"Terms and Conditions"}]},{"@type":"WebSite","@id":"https:\/\/www.pbkm.pl\/en#website","url":"https:\/\/www.pbkm.pl\/en","name":"PBKM","description":"","publisher":{"@id":"https:\/\/www.pbkm.pl\/en#organization"},"potentialAction":[{"@type":"SearchAction","target":{"@type":"EntryPoint","urlTemplate":"https:\/\/www.pbkm.pl\/en?s={search_term_string}"},"query-input":{"@type":"PropertyValueSpecification","valueRequired":true,"valueName":"search_term_string"}}],"inLanguage":"en-US"},{"@type":"Organization","@id":"https:\/\/www.pbkm.pl\/en#organization","name":"PBKM - Polski Bank Kom\u00f3rek Macierzystych","url":"https:\/\/www.pbkm.pl\/en","logo":{"@type":"ImageObject","inLanguage":"en-US","@id":"https:\/\/www.pbkm.pl\/en#\/schema\/logo\/image\/","url":"https:\/\/www.pbkm.pl\/wp-content\/uploads\/2024\/07\/Polski_Bank_Komorek_Macierzystych_logo_rgb-scaled.webp","contentUrl":"https:\/\/www.pbkm.pl\/wp-content\/uploads\/2024\/07\/Polski_Bank_Komorek_Macierzystych_logo_rgb-scaled.webp","width":2560,"height":546,"caption":"PBKM - Polski Bank Kom\u00f3rek Macierzystych"},"image":{"@id":"https:\/\/www.pbkm.pl\/en#\/schema\/logo\/image\/"}}]}},"acf":[],"_links":{"self":[{"href":"https:\/\/www.pbkm.pl\/en\/wp-json\/wp\/v2\/pages\/11156","targetHints":{"allow":["GET"]}}],"collection":[{"href":"https:\/\/www.pbkm.pl\/en\/wp-json\/wp\/v2\/pages"}],"about":[{"href":"https:\/\/www.pbkm.pl\/en\/wp-json\/wp\/v2\/types\/page"}],"author":[{"embeddable":true,"href":"https:\/\/www.pbkm.pl\/en\/wp-json\/wp\/v2\/users\/1"}],"replies":[{"embeddable":true,"href":"https:\/\/www.pbkm.pl\/en\/wp-json\/wp\/v2\/comments?post=11156"}],"version-history":[{"count":7,"href":"https:\/\/www.pbkm.pl\/en\/wp-json\/wp\/v2\/pages\/11156\/revisions"}],"predecessor-version":[{"id":11169,"href":"https:\/\/www.pbkm.pl\/en\/wp-json\/wp\/v2\/pages\/11156\/revisions\/11169"}],"wp:attachment":[{"href":"https:\/\/www.pbkm.pl\/en\/wp-json\/wp\/v2\/media?parent=11156"}],"curies":[{"name":"wp","href":"https:\/\/api.w.org\/{rel}","templated":true}]}}